{"id":95,"date":"2022-10-09T18:18:28","date_gmt":"2022-10-09T18:18:28","guid":{"rendered":"https:\/\/pongalevida.ucr.ac.cr\/?page_id=95"},"modified":"2023-06-16T21:48:42","modified_gmt":"2023-06-16T21:48:42","slug":"capacitacion","status":"publish","type":"page","link":"https:\/\/pongalevida.ucr.ac.cr\/index.php\/capacitacion\/","title":{"rendered":"Capacitaci\u00f3n"},"content":{"rendered":"\t\t<div data-elementor-type=\"wp-page\" data-elementor-id=\"95\" class=\"elementor elementor-95\" data-elementor-settings=\"{&quot;ha_cmc_init_switcher&quot;:&quot;no&quot;}\">\n\t\t\t\t\t\t<section class=\"elementor-section elementor-top-section elementor-element elementor-element-b27b25c elementor-section-boxed elementor-section-height-default elementor-section-height-default\" data-id=\"b27b25c\" data-element_type=\"section\" data-e-type=\"section\" data-settings=\"{&quot;_ha_eqh_enable&quot;:false}\">\n\t\t\t\t\t\t<div class=\"elementor-container elementor-column-gap-default\">\n\t\t\t\t\t<div class=\"elementor-column elementor-col-100 elementor-top-column elementor-element elementor-element-809eb5b\" data-id=\"809eb5b\" data-element_type=\"column\" data-e-type=\"column\">\n\t\t\t<div class=\"elementor-widget-wrap elementor-element-populated\">\n\t\t\t\t\t\t<div class=\"elementor-element elementor-element-e397390 ha-has-bg-overlay elementor-widget elementor-widget-text-editor\" data-id=\"e397390\" data-element_type=\"widget\" data-e-type=\"widget\" data-widget_type=\"text-editor.default\">\n\t\t\t\t<div class=\"elementor-widget-container\">\n\t\t\t\t\t\t\t\t\t<h3><span style=\"color: #ffffff;\">Centros Educativos<\/span><\/h3>\t\t\t\t\t\t\t\t<\/div>\n\t\t\t\t<\/div>\n\t\t\t\t<section class=\"elementor-section elementor-inner-section elementor-element elementor-element-0d488ac elementor-section-boxed elementor-section-height-default elementor-section-height-default\" data-id=\"0d488ac\" data-element_type=\"section\" data-e-type=\"section\" data-settings=\"{&quot;_ha_eqh_enable&quot;:false}\">\n\t\t\t\t\t\t<div class=\"elementor-container elementor-column-gap-default\">\n\t\t\t\t\t<div class=\"elementor-column elementor-col-50 elementor-inner-column elementor-element elementor-element-75e22b5\" data-id=\"75e22b5\" data-element_type=\"column\" data-e-type=\"column\">\n\t\t\t<div class=\"elementor-widget-wrap elementor-element-populated\">\n\t\t\t\t\t\t<div class=\"elementor-element elementor-element-7c6478c elementor-widget__width-initial elementor-widget elementor-widget-text-editor\" data-id=\"7c6478c\" data-element_type=\"widget\" data-e-type=\"widget\" data-widget_type=\"text-editor.default\">\n\t\t\t\t<div class=\"elementor-widget-container\">\n\t\t\t\t\t\t\t\t\t<p><span style=\"font-size: 1rem;\">En los centros educativos se realiza la capacitaci\u00f3n del personal, que no solo incluye a las personas docentes, sino a personal del comedor estudiantil, personal administrativo y si existiera la soda, se incluye tambi\u00e9n al concesionario. Dependiendo de las condiciones del centro educativo tambi\u00e9n se puede involucrar a las\u00a0 personas responsables del transporte estudiantil.<\/span><\/p><p><img decoding=\"async\" class=\"aligncenter wp-image-1264 size-thumbnail\" src=\"https:\/\/pongalevida.ucr.ac.cr\/wp-content\/uploads\/2023\/03\/centroedu_boton1-27-150x150.png\" alt=\"\" width=\"150\" height=\"150\" srcset=\"https:\/\/pongalevida.ucr.ac.cr\/wp-content\/uploads\/2023\/03\/centroedu_boton1-27-150x150.png 150w, https:\/\/pongalevida.ucr.ac.cr\/wp-content\/uploads\/2023\/03\/centroedu_boton1-27-600x600.png 600w\" sizes=\"(max-width: 150px) 100vw, 150px\" \/><\/p>\t\t\t\t\t\t\t\t<\/div>\n\t\t\t\t<\/div>\n\t\t\t\t\t<\/div>\n\t\t<\/div>\n\t\t\t\t<div class=\"elementor-column elementor-col-50 elementor-inner-column elementor-element elementor-element-a3fcf84\" data-id=\"a3fcf84\" data-element_type=\"column\" data-e-type=\"column\">\n\t\t\t<div class=\"elementor-widget-wrap elementor-element-populated\">\n\t\t\t\t\t\t<div class=\"elementor-element elementor-element-59e04e6 elementor-widget elementor-widget-image\" data-id=\"59e04e6\" data-element_type=\"widget\" data-e-type=\"widget\" data-widget_type=\"image.default\">\n\t\t\t\t<div class=\"elementor-widget-container\">\n\t\t\t\t\t\t\t\t\t\t\t\t\t\t\t<img fetchpriority=\"high\" decoding=\"async\" width=\"1024\" height=\"768\" src=\"https:\/\/pongalevida.ucr.ac.cr\/wp-content\/uploads\/2023\/06\/Fotografia-grande-Capacitacion-centros-educativos.jpg\" class=\"attachment-large size-large wp-image-2634\" alt=\"Fotograf\u00eda Capacitaci\u00f3n centros educativos\" srcset=\"https:\/\/pongalevida.ucr.ac.cr\/wp-content\/uploads\/2023\/06\/Fotografia-grande-Capacitacion-centros-educativos.jpg 1024w, https:\/\/pongalevida.ucr.ac.cr\/wp-content\/uploads\/2023\/06\/Fotografia-grande-Capacitacion-centros-educativos-300x225.jpg 300w, https:\/\/pongalevida.ucr.ac.cr\/wp-content\/uploads\/2023\/06\/Fotografia-grande-Capacitacion-centros-educativos-768x576.jpg 768w\" sizes=\"(max-width: 1024px) 100vw, 1024px\" \/>\t\t\t\t\t\t\t\t\t\t\t\t\t\t\t<\/div>\n\t\t\t\t<\/div>\n\t\t\t\t\t<\/div>\n\t\t<\/div>\n\t\t\t\t\t<\/div>\n\t\t<\/section>\n\t\t\t\t\t<\/div>\n\t\t<\/div>\n\t\t\t\t\t<\/div>\n\t\t<\/section>\n\t\t\t\t<section class=\"elementor-section elementor-top-section elementor-element elementor-element-9b927cf elementor-section-boxed elementor-section-height-default elementor-section-height-default\" data-id=\"9b927cf\" data-element_type=\"section\" data-e-type=\"section\" data-settings=\"{&quot;_ha_eqh_enable&quot;:false}\">\n\t\t\t\t\t\t<div class=\"elementor-container elementor-column-gap-default\">\n\t\t\t\t\t<div class=\"elementor-column elementor-col-100 elementor-top-column elementor-element elementor-element-5195225\" data-id=\"5195225\" data-element_type=\"column\" data-e-type=\"column\">\n\t\t\t<div class=\"elementor-widget-wrap elementor-element-populated\">\n\t\t\t\t\t\t<div class=\"elementor-element elementor-element-3e85316 ha-has-bg-overlay elementor-widget elementor-widget-text-editor\" data-id=\"3e85316\" data-element_type=\"widget\" data-e-type=\"widget\" data-widget_type=\"text-editor.default\">\n\t\t\t\t<div class=\"elementor-widget-container\">\n\t\t\t\t\t\t\t\t\t<h3><span style=\"color: #ffffff;\">Familia<\/span><\/h3>\t\t\t\t\t\t\t\t<\/div>\n\t\t\t\t<\/div>\n\t\t\t\t<section class=\"elementor-section elementor-inner-section elementor-element elementor-element-83b6b63 elementor-section-boxed elementor-section-height-default elementor-section-height-default\" data-id=\"83b6b63\" data-element_type=\"section\" data-e-type=\"section\" data-settings=\"{&quot;_ha_eqh_enable&quot;:false}\">\n\t\t\t\t\t\t<div class=\"elementor-container elementor-column-gap-default\">\n\t\t\t\t\t<div class=\"elementor-column elementor-col-50 elementor-inner-column elementor-element elementor-element-479418e\" data-id=\"479418e\" data-element_type=\"column\" data-e-type=\"column\">\n\t\t\t<div class=\"elementor-widget-wrap elementor-element-populated\">\n\t\t\t\t\t\t<div class=\"elementor-element elementor-element-11c6e42 elementor-widget elementor-widget-image\" data-id=\"11c6e42\" data-element_type=\"widget\" data-e-type=\"widget\" data-widget_type=\"image.default\">\n\t\t\t\t<div class=\"elementor-widget-container\">\n\t\t\t\t\t\t\t\t\t\t\t\t\t\t\t<img decoding=\"async\" width=\"1024\" height=\"768\" src=\"https:\/\/pongalevida.ucr.ac.cr\/wp-content\/uploads\/2023\/06\/Fotografia-grande-para-Capacitacion-Casa-saludable-3-1024x768.jpg\" class=\"attachment-large size-large wp-image-2635\" alt=\"Fotograf\u00eda Casa saludable\" srcset=\"https:\/\/pongalevida.ucr.ac.cr\/wp-content\/uploads\/2023\/06\/Fotografia-grande-para-Capacitacion-Casa-saludable-3-1024x768.jpg 1024w, https:\/\/pongalevida.ucr.ac.cr\/wp-content\/uploads\/2023\/06\/Fotografia-grande-para-Capacitacion-Casa-saludable-3-300x225.jpg 300w, https:\/\/pongalevida.ucr.ac.cr\/wp-content\/uploads\/2023\/06\/Fotografia-grande-para-Capacitacion-Casa-saludable-3-768x576.jpg 768w, https:\/\/pongalevida.ucr.ac.cr\/wp-content\/uploads\/2023\/06\/Fotografia-grande-para-Capacitacion-Casa-saludable-3-1536x1152.jpg 1536w, https:\/\/pongalevida.ucr.ac.cr\/wp-content\/uploads\/2023\/06\/Fotografia-grande-para-Capacitacion-Casa-saludable-3-2048x1536.jpg 2048w\" sizes=\"(max-width: 1024px) 100vw, 1024px\" \/>\t\t\t\t\t\t\t\t\t\t\t\t\t\t\t<\/div>\n\t\t\t\t<\/div>\n\t\t\t\t\t<\/div>\n\t\t<\/div>\n\t\t\t\t<div class=\"elementor-column elementor-col-50 elementor-inner-column elementor-element elementor-element-b8664a2\" data-id=\"b8664a2\" data-element_type=\"column\" data-e-type=\"column\">\n\t\t\t<div class=\"elementor-widget-wrap elementor-element-populated\">\n\t\t\t\t\t\t<div class=\"elementor-element elementor-element-4881cea elementor-widget elementor-widget-text-editor\" data-id=\"4881cea\" data-element_type=\"widget\" data-e-type=\"widget\" data-widget_type=\"text-editor.default\">\n\t\t\t\t<div class=\"elementor-widget-container\">\n\t\t\t\t\t\t\t\t\t<p><span style=\"font-weight: 400;\">Con las familias se desarrolla un proceso educativo mediado por mujeres jefas de hogar de la comunidad y miembros de grupos organizados. Las mujeres se capacitan para el emprendimiento de negocios relacionados con la alimentaci\u00f3n pero tambi\u00e9n con relaci\u00f3n a liderazgo a trav\u00e9s de la Estrategia de Casas Saludables, la cual incluye los temas de preparaci\u00f3n de alimentaci\u00f3n saludable y recreaci\u00f3n activa en familia.El curso se denomina: <\/span><span style=\"font-weight: 400;\">Emprendimiento y\u00a0 Comunicaci\u00f3n para la Prevenci\u00f3n de la Obesidad Infantil,\u00a0 tiene una duraci\u00f3n de 48 horas, en incluye el curso de Manipulaci\u00f3n de Alimentos.<\/span><\/p><p><span style=\"font-weight: 400;\"><img loading=\"lazy\" decoding=\"async\" class=\"aligncenter wp-image-1263 size-thumbnail\" src=\"https:\/\/pongalevida.ucr.ac.cr\/wp-content\/uploads\/2023\/03\/familia_boton1-28-150x150.png\" alt=\"\" width=\"150\" height=\"150\" srcset=\"https:\/\/pongalevida.ucr.ac.cr\/wp-content\/uploads\/2023\/03\/familia_boton1-28-150x150.png 150w, https:\/\/pongalevida.ucr.ac.cr\/wp-content\/uploads\/2023\/03\/familia_boton1-28-600x600.png 600w\" sizes=\"(max-width: 150px) 100vw, 150px\" \/><\/span><\/p>\t\t\t\t\t\t\t\t<\/div>\n\t\t\t\t<\/div>\n\t\t\t\t\t<\/div>\n\t\t<\/div>\n\t\t\t\t\t<\/div>\n\t\t<\/section>\n\t\t\t\t\t<\/div>\n\t\t<\/div>\n\t\t\t\t\t<\/div>\n\t\t<\/section>\n\t\t\t\t<section class=\"elementor-section elementor-top-section elementor-element elementor-element-973bba5 elementor-section-boxed elementor-section-height-default elementor-section-height-default\" data-id=\"973bba5\" data-element_type=\"section\" data-e-type=\"section\" data-settings=\"{&quot;_ha_eqh_enable&quot;:false}\">\n\t\t\t\t\t\t<div class=\"elementor-container elementor-column-gap-default\">\n\t\t\t\t\t<div class=\"elementor-column elementor-col-100 elementor-top-column elementor-element elementor-element-1eae6b6\" data-id=\"1eae6b6\" data-element_type=\"column\" data-e-type=\"column\">\n\t\t\t<div class=\"elementor-widget-wrap elementor-element-populated\">\n\t\t\t\t\t\t<div class=\"elementor-element elementor-element-f98b5e0 ha-has-bg-overlay elementor-widget elementor-widget-text-editor\" data-id=\"f98b5e0\" data-element_type=\"widget\" data-e-type=\"widget\" data-widget_type=\"text-editor.default\">\n\t\t\t\t<div class=\"elementor-widget-container\">\n\t\t\t\t\t\t\t\t\t<h3><span style=\"color: #ffffff;\">Comunidad<\/span><\/h3>\t\t\t\t\t\t\t\t<\/div>\n\t\t\t\t<\/div>\n\t\t\t\t<section class=\"elementor-section elementor-inner-section elementor-element elementor-element-0506cba elementor-section-boxed elementor-section-height-default elementor-section-height-default\" data-id=\"0506cba\" data-element_type=\"section\" data-e-type=\"section\" data-settings=\"{&quot;_ha_eqh_enable&quot;:false}\">\n\t\t\t\t\t\t<div class=\"elementor-container elementor-column-gap-default\">\n\t\t\t\t\t<div class=\"elementor-column elementor-col-50 elementor-inner-column elementor-element elementor-element-513a2f6\" data-id=\"513a2f6\" data-element_type=\"column\" data-e-type=\"column\">\n\t\t\t<div class=\"elementor-widget-wrap elementor-element-populated\">\n\t\t\t\t\t\t<div class=\"elementor-element elementor-element-ebffbdc elementor-widget elementor-widget-text-editor\" data-id=\"ebffbdc\" data-element_type=\"widget\" data-e-type=\"widget\" data-widget_type=\"text-editor.default\">\n\t\t\t\t<div class=\"elementor-widget-container\">\n\t\t\t\t\t\t\t\t\t<p><span style=\"font-weight: 400;\">Se<\/span><span style=\"font-weight: 400;\"> desarrolla un proceso de capacitaci\u00f3n modular con enfoque socio-constructivista, con una duraci\u00f3n total de 16 horas, cuatro horas\u00a0 por m\u00f3dulo. Es abierto y gratuito\u00a0 para las personas que\u00a0 forman parte de organizaciones en la comunidad y\u00a0 que se comprometan a participar. Los temas de la capacitaci\u00f3n son los siguientes:<\/span><\/p><ul><li><span style=\"font-weight: 400;\">M\u00f3dulo 1: Problem\u00e1tica de la obesidad infantil presente y futura<\/span><\/li><li><span style=\"font-weight: 400;\">M\u00f3dulo 2: Liderazgo para la Prevenci\u00f3n<\/span><\/li><li><span style=\"font-weight: 400;\">M\u00f3dulo 3: Gesti\u00f3n de Proyectos comunitarios<\/span><\/li><li><span style=\"font-weight: 400;\">M\u00f3dulo 4: Estrategias de Comunicaci\u00f3n<\/span><\/li><\/ul><p><span style=\"font-weight: 400;\">Esta capacitaci\u00f3n prepara a las personas participantes para desarrollar de forma exitosa la estrategia de Domingo Familiar, as\u00ed como tambi\u00e9n\u00a0 para planificar y llevar a cabo acciones comunitarias que coadyuven en la promoci\u00f3n de la alimentaci\u00f3n saludable\u00a0 y la actividad f\u00edsica.<\/span><\/p><p><img loading=\"lazy\" decoding=\"async\" class=\"aligncenter wp-image-1262 size-thumbnail\" src=\"https:\/\/pongalevida.ucr.ac.cr\/wp-content\/uploads\/2023\/03\/comunidad_bton-29-150x150.png\" alt=\"\" width=\"150\" height=\"150\" srcset=\"https:\/\/pongalevida.ucr.ac.cr\/wp-content\/uploads\/2023\/03\/comunidad_bton-29-150x150.png 150w, https:\/\/pongalevida.ucr.ac.cr\/wp-content\/uploads\/2023\/03\/comunidad_bton-29-600x600.png 600w\" sizes=\"(max-width: 150px) 100vw, 150px\" \/><\/p>\t\t\t\t\t\t\t\t<\/div>\n\t\t\t\t<\/div>\n\t\t\t\t\t<\/div>\n\t\t<\/div>\n\t\t\t\t<div class=\"elementor-column elementor-col-50 elementor-inner-column elementor-element elementor-element-e0b9f96\" data-id=\"e0b9f96\" data-element_type=\"column\" data-e-type=\"column\">\n\t\t\t<div class=\"elementor-widget-wrap elementor-element-populated\">\n\t\t\t\t\t\t<div class=\"elementor-element elementor-element-71437e6 elementor-widget elementor-widget-image\" data-id=\"71437e6\" data-element_type=\"widget\" data-e-type=\"widget\" data-widget_type=\"image.default\">\n\t\t\t\t<div class=\"elementor-widget-container\">\n\t\t\t\t\t\t\t\t\t\t\t\t\t\t\t<img loading=\"lazy\" decoding=\"async\" width=\"1024\" height=\"768\" src=\"https:\/\/pongalevida.ucr.ac.cr\/wp-content\/uploads\/2023\/06\/Fotografia-grande-Capacitacion-Comunidad-1024x768.jpg\" class=\"attachment-large size-large wp-image-2633\" alt=\"Comunidad\" srcset=\"https:\/\/pongalevida.ucr.ac.cr\/wp-content\/uploads\/2023\/06\/Fotografia-grande-Capacitacion-Comunidad-1024x768.jpg 1024w, https:\/\/pongalevida.ucr.ac.cr\/wp-content\/uploads\/2023\/06\/Fotografia-grande-Capacitacion-Comunidad-300x225.jpg 300w, https:\/\/pongalevida.ucr.ac.cr\/wp-content\/uploads\/2023\/06\/Fotografia-grande-Capacitacion-Comunidad-768x576.jpg 768w, https:\/\/pongalevida.ucr.ac.cr\/wp-content\/uploads\/2023\/06\/Fotografia-grande-Capacitacion-Comunidad-1536x1152.jpg 1536w, https:\/\/pongalevida.ucr.ac.cr\/wp-content\/uploads\/2023\/06\/Fotografia-grande-Capacitacion-Comunidad-2048x1536.jpg 2048w\" sizes=\"(max-width: 1024px) 100vw, 1024px\" \/>\t\t\t\t\t\t\t\t\t\t\t\t\t\t\t<\/div>\n\t\t\t\t<\/div>\n\t\t\t\t\t<\/div>\n\t\t<\/div>\n\t\t\t\t\t<\/div>\n\t\t<\/section>\n\t\t\t\t\t<\/div>\n\t\t<\/div>\n\t\t\t\t\t<\/div>\n\t\t<\/section>\n\t\t\t\t<section class=\"elementor-section elementor-top-section elementor-element elementor-element-79eb4fc elementor-section-boxed elementor-section-height-default elementor-section-height-default\" data-id=\"79eb4fc\" data-element_type=\"section\" data-e-type=\"section\" data-settings=\"{&quot;_ha_eqh_enable&quot;:false}\">\n\t\t\t\t\t\t<div class=\"elementor-container elementor-column-gap-default\">\n\t\t\t\t\t<div class=\"elementor-column elementor-col-100 elementor-top-column elementor-element elementor-element-223c2f4\" data-id=\"223c2f4\" data-element_type=\"column\" data-e-type=\"column\">\n\t\t\t<div class=\"elementor-widget-wrap elementor-element-populated\">\n\t\t\t\t\t\t<div class=\"elementor-element elementor-element-a662151 ha-has-bg-overlay elementor-widget elementor-widget-spacer\" data-id=\"a662151\" data-element_type=\"widget\" data-e-type=\"widget\" data-widget_type=\"spacer.default\">\n\t\t\t\t<div class=\"elementor-widget-container\">\n\t\t\t\t\t\t\t<div class=\"elementor-spacer\">\n\t\t\t<div class=\"elementor-spacer-inner\"><\/div>\n\t\t<\/div>\n\t\t\t\t\t\t<\/div>\n\t\t\t\t<\/div>\n\t\t\t\t\t<\/div>\n\t\t<\/div>\n\t\t\t\t\t<\/div>\n\t\t<\/section>\n\t\t\t\t<\/div>\n\t\t","protected":false},"excerpt":{"rendered":"<p>Centros Educativos En los centros educativos se realiza la capacitaci\u00f3n del personal, que no solo incluye a las personas docentes, sino a personal del comedor&hellip;<\/p>\n","protected":false},"author":5,"featured_media":0,"parent":0,"menu_order":0,"comment_status":"closed","ping_status":"closed","template":"","meta":{"_regular_price":[],"currency_symbol":[],"footnotes":""},"class_list":["post-95","page","type-page","status-publish","hentry"],"post_slider_layout_featured_media_urls":{"thumbnail":"","post_slider_layout_landscape_large":"","post_slider_layout_portrait_large":"","post_slider_layout_square_large":"","post_slider_layout_landscape":"","post_slider_layout_portrait":"","post_slider_layout_square":"","full":""},"_links":{"self":[{"href":"https:\/\/pongalevida.ucr.ac.cr\/index.php\/wp-json\/wp\/v2\/pages\/95","targetHints":{"allow":["GET"]}}],"collection":[{"href":"https:\/\/pongalevida.ucr.ac.cr\/index.php\/wp-json\/wp\/v2\/pages"}],"about":[{"href":"https:\/\/pongalevida.ucr.ac.cr\/index.php\/wp-json\/wp\/v2\/types\/page"}],"author":[{"embeddable":true,"href":"https:\/\/pongalevida.ucr.ac.cr\/index.php\/wp-json\/wp\/v2\/users\/5"}],"replies":[{"embeddable":true,"href":"https:\/\/pongalevida.ucr.ac.cr\/index.php\/wp-json\/wp\/v2\/comments?post=95"}],"version-history":[{"count":26,"href":"https:\/\/pongalevida.ucr.ac.cr\/index.php\/wp-json\/wp\/v2\/pages\/95\/revisions"}],"predecessor-version":[{"id":2699,"href":"https:\/\/pongalevida.ucr.ac.cr\/index.php\/wp-json\/wp\/v2\/pages\/95\/revisions\/2699"}],"wp:attachment":[{"href":"https:\/\/pongalevida.ucr.ac.cr\/index.php\/wp-json\/wp\/v2\/media?parent=95"}],"curies":[{"name":"wp","href":"https:\/\/api.w.org\/{rel}","templated":true}]}}