{"id":943,"date":"2023-02-15T20:48:42","date_gmt":"2023-02-15T20:48:42","guid":{"rendered":"https:\/\/pongalevida.ucr.ac.cr\/?page_id=943"},"modified":"2023-06-21T15:27:13","modified_gmt":"2023-06-21T15:27:13","slug":"modelo","status":"publish","type":"page","link":"https:\/\/pongalevida.ucr.ac.cr\/index.php\/modelo\/","title":{"rendered":"Modelo"},"content":{"rendered":"\t\t<div data-elementor-type=\"wp-page\" data-elementor-id=\"943\" class=\"elementor elementor-943\" data-elementor-settings=\"{&quot;ha_cmc_init_switcher&quot;:&quot;no&quot;}\">\n\t\t\t\t\t\t<section class=\"elementor-section elementor-top-section elementor-element elementor-element-7cec666 elementor-section-boxed elementor-section-height-default elementor-section-height-default\" data-id=\"7cec666\" data-element_type=\"section\" data-e-type=\"section\" data-settings=\"{&quot;_ha_eqh_enable&quot;:false}\">\n\t\t\t\t\t\t<div class=\"elementor-container elementor-column-gap-default\">\n\t\t\t\t\t<div class=\"elementor-column elementor-col-50 elementor-top-column elementor-element elementor-element-976d7a3\" data-id=\"976d7a3\" data-element_type=\"column\" data-e-type=\"column\">\n\t\t\t<div class=\"elementor-widget-wrap elementor-element-populated\">\n\t\t\t\t\t\t<div class=\"elementor-element elementor-element-747aa58 elementor-widget elementor-widget-text-editor\" data-id=\"747aa58\" data-element_type=\"widget\" data-e-type=\"widget\" data-widget_type=\"text-editor.default\">\n\t\t\t\t<div class=\"elementor-widget-container\">\n\t\t\t\t\t\t\t\t\t<p>\u00a0<\/p><p style=\"text-align: center;\">Las estrategias del<span style=\"color: #ff9900;\"><strong> Modelo P\u00f3ngale Vida\u24c7 <\/strong><\/span>fueron dise\u00f1adas para cada uno de los escenarios que contempla el Modelo Ecol\u00f3gico de Bromfrenbrenner y\u00a0que tienen influencia en el desarrollo integral de las personas estudiantes menores de edad, a saber:\u00a0 el aula, el centro educativo, la familia y la comunidad.\u00a0<\/p>\t\t\t\t\t\t\t\t<\/div>\n\t\t\t\t<\/div>\n\t\t\t\t\t<\/div>\n\t\t<\/div>\n\t\t\t\t<div class=\"elementor-column elementor-col-50 elementor-top-column elementor-element elementor-element-a34c321\" data-id=\"a34c321\" data-element_type=\"column\" data-e-type=\"column\">\n\t\t\t<div class=\"elementor-widget-wrap elementor-element-populated\">\n\t\t\t\t\t\t<div class=\"elementor-element elementor-element-cb673d5 elementor-widget elementor-widget-video\" data-id=\"cb673d5\" data-element_type=\"widget\" data-e-type=\"widget\" data-settings=\"{&quot;video_type&quot;:&quot;hosted&quot;,&quot;controls&quot;:&quot;yes&quot;}\" data-widget_type=\"video.default\">\n\t\t\t\t<div class=\"elementor-widget-container\">\n\t\t\t\t\t\t\t<div class=\"e-hosted-video elementor-wrapper elementor-open-inline\">\n\t\t\t\t\t<video class=\"elementor-video\" src=\"https:\/\/pongalevida.ucr.ac.cr\/wp-content\/uploads\/2023\/05\/Obesidad-Infantil-1.mp4\" controls=\"\" preload=\"metadata\" controlsList=\"nodownload\"><\/video>\n\t\t\t\t<\/div>\n\t\t\t\t\t\t<\/div>\n\t\t\t\t<\/div>\n\t\t\t\t\t<\/div>\n\t\t<\/div>\n\t\t\t\t\t<\/div>\n\t\t<\/section>\n\t\t\t\t<section class=\"elementor-section elementor-top-section elementor-element elementor-element-ea46af6 elementor-section-boxed elementor-section-height-default elementor-section-height-default\" data-id=\"ea46af6\" data-element_type=\"section\" data-e-type=\"section\" data-settings=\"{&quot;_ha_eqh_enable&quot;:false}\">\n\t\t\t\t\t\t<div class=\"elementor-container elementor-column-gap-default\">\n\t\t\t\t\t<div class=\"elementor-column elementor-col-100 elementor-top-column elementor-element elementor-element-e3520f6\" data-id=\"e3520f6\" data-element_type=\"column\" data-e-type=\"column\">\n\t\t\t<div class=\"elementor-widget-wrap elementor-element-populated\">\n\t\t\t\t\t\t<div class=\"elementor-element elementor-element-1008520 elementor-widget elementor-widget-image\" data-id=\"1008520\" data-element_type=\"widget\" data-e-type=\"widget\" data-widget_type=\"image.default\">\n\t\t\t\t<div class=\"elementor-widget-container\">\n\t\t\t\t\t\t\t\t\t\t\t\t\t\t\t<img fetchpriority=\"high\" decoding=\"async\" width=\"525\" height=\"290\" src=\"https:\/\/pongalevida.ucr.ac.cr\/wp-content\/uploads\/2023\/06\/MODELO-PONGALE-VIDA-1024x566.png\" class=\"attachment-large size-large wp-image-2733\" alt=\"\" srcset=\"https:\/\/pongalevida.ucr.ac.cr\/wp-content\/uploads\/2023\/06\/MODELO-PONGALE-VIDA-1024x566.png 1024w, https:\/\/pongalevida.ucr.ac.cr\/wp-content\/uploads\/2023\/06\/MODELO-PONGALE-VIDA-300x166.png 300w, https:\/\/pongalevida.ucr.ac.cr\/wp-content\/uploads\/2023\/06\/MODELO-PONGALE-VIDA-768x424.png 768w, https:\/\/pongalevida.ucr.ac.cr\/wp-content\/uploads\/2023\/06\/MODELO-PONGALE-VIDA-1536x848.png 1536w, https:\/\/pongalevida.ucr.ac.cr\/wp-content\/uploads\/2023\/06\/MODELO-PONGALE-VIDA-2048x1131.png 2048w\" sizes=\"(max-width: 525px) 100vw, 525px\" \/>\t\t\t\t\t\t\t\t\t\t\t\t\t\t\t<\/div>\n\t\t\t\t<\/div>\n\t\t\t\t<div class=\"elementor-element elementor-element-25edde7 elementor-widget elementor-widget-accordion\" data-id=\"25edde7\" data-element_type=\"widget\" data-e-type=\"widget\" data-widget_type=\"accordion.default\">\n\t\t\t\t<div class=\"elementor-widget-container\">\n\t\t\t\t\t\t\t<div class=\"elementor-accordion\">\n\t\t\t\t\t\t\t<div class=\"elementor-accordion-item\">\n\t\t\t\t\t<div id=\"elementor-tab-title-3971\" class=\"elementor-tab-title\" data-tab=\"1\" role=\"button\" aria-controls=\"elementor-tab-content-3971\" aria-expanded=\"false\">\n\t\t\t\t\t\t\t\t\t\t\t\t\t<span class=\"elementor-accordion-icon elementor-accordion-icon-left\" aria-hidden=\"true\">\n\t\t\t\t\t\t\t\t\t\t\t\t\t\t\t<span class=\"elementor-accordion-icon-closed\"><i class=\"fas fa-plus\"><\/i><\/span>\n\t\t\t\t\t\t\t\t<span class=\"elementor-accordion-icon-opened\"><i class=\"fas fa-minus\"><\/i><\/span>\n\t\t\t\t\t\t\t\t\t\t\t\t\t\t<\/span>\n\t\t\t\t\t\t\t\t\t\t\t\t<a class=\"elementor-accordion-title\" tabindex=\"0\">Aula<\/a>\n\t\t\t\t\t<\/div>\n\t\t\t\t\t<div id=\"elementor-tab-content-3971\" class=\"elementor-tab-content elementor-clearfix\" data-tab=\"1\" role=\"region\" aria-labelledby=\"elementor-tab-title-3971\"><p><span style=\"color: var( --e-global-color-text ); font-family: var( --e-global-typography-text-font-family ), Sans-serif; font-weight: var( --e-global-typography-text-font-weight ); font-size: 1rem;\">En el escenario <\/span><a href=\"https:\/\/pongalevida.ucr.ac.cr\/index.php\/elementor-1304\/\" target=\"_blank\" rel=\"noopener\"><span style=\"color: var( --e-global-color-text ); font-family: var( --e-global-typography-text-font-family ), Sans-serif; font-size: 1rem;\"><b>AULA<\/b><\/span><\/a><span style=\"color: var( --e-global-color-text ); font-family: var( --e-global-typography-text-font-family ), Sans-serif; font-weight: var( --e-global-typography-text-font-weight ); font-size: 1rem;\">, el Modelo P\u00f3ngale Vida\u24c7 espera<\/span><span style=\"font-weight: 400;\">\u00a0optimizar el aprendizaje de contenidos relacionados con alimentaci\u00f3n y actividad f\u00edsica, adem\u00e1s de propiciar espacios l\u00fadicos. Las estrategias que se han desarrollado para el <\/span><a href=\"https:\/\/pongalevida.ucr.ac.cr\/index.php\/elementor-1304\/\" target=\"_blank\" rel=\"noopener\"><b>AULA<\/b><\/a><span style=\"font-weight: 400;\">\u00a0<\/span><span style=\"font-weight: 400;\">son las siguientes: 15 minutos activos, Gu\u00edas Docentes, Hojas de Trabajo, Planificador, Pizarra Magn\u00e9tica y Pulper\u00eda Did\u00e1ctica.\u00a0<\/span><\/p><\/div>\n\t\t\t\t<\/div>\n\t\t\t\t\t\t\t<div class=\"elementor-accordion-item\">\n\t\t\t\t\t<div id=\"elementor-tab-title-3972\" class=\"elementor-tab-title\" data-tab=\"2\" role=\"button\" aria-controls=\"elementor-tab-content-3972\" aria-expanded=\"false\">\n\t\t\t\t\t\t\t\t\t\t\t\t\t<span class=\"elementor-accordion-icon elementor-accordion-icon-left\" aria-hidden=\"true\">\n\t\t\t\t\t\t\t\t\t\t\t\t\t\t\t<span class=\"elementor-accordion-icon-closed\"><i class=\"fas fa-plus\"><\/i><\/span>\n\t\t\t\t\t\t\t\t<span class=\"elementor-accordion-icon-opened\"><i class=\"fas fa-minus\"><\/i><\/span>\n\t\t\t\t\t\t\t\t\t\t\t\t\t\t<\/span>\n\t\t\t\t\t\t\t\t\t\t\t\t<a class=\"elementor-accordion-title\" tabindex=\"0\">Centro Educativo<\/a>\n\t\t\t\t\t<\/div>\n\t\t\t\t\t<div id=\"elementor-tab-content-3972\" class=\"elementor-tab-content elementor-clearfix\" data-tab=\"2\" role=\"region\" aria-labelledby=\"elementor-tab-title-3972\"><p><span style=\"color: var( --e-global-color-text ); font-family: var( --e-global-typography-text-font-family ), Sans-serif; font-weight: var( --e-global-typography-text-font-weight ); font-size: 1rem;\">En el escenario <\/span><strong><a href=\"https:\/\/pongalevida.ucr.ac.cr\/index.php\/elementor-1304\/\" target=\"_blank\" rel=\"noopener\">CENTRO EDUCATIVO<\/a><\/strong><span style=\"color: var( --e-global-color-text ); font-family: var( --e-global-typography-text-font-family ), Sans-serif; font-weight: var( --e-global-typography-text-font-weight ); font-size: 1rem;\">, el Modelo P\u00f3ngale Vida\u24c7 <\/span><span style=\"font-weight: 400;\">propone retomar espacios que se obvian en el quehacer diario de la jornada lectiva, para trabajar temas de alimentaci\u00f3n y actividad f\u00edsica, como por ejemplo: el tiempo del recreo, la alimentaci\u00f3n que se ofrece en el Comedor Escolar y la Soda Escolar, los alimentos que traen las personas menores de edad desde el hogar, la actividad f\u00edsica de las personas docentes y la vigilancia del estado nutricional de las personas estudiantes al iniciar y finalizar el ciclo lectivo. <\/span><\/p><p><span style=\"font-weight: 400;\">Las estrategias dise\u00f1adas el escenario<\/span><a href=\"https:\/\/pongalevida.ucr.ac.cr\/index.php\/modalpopupbox\/cccccccc\/\" target=\"_blank\" rel=\"noopener\"><b> CENTRO EDUCATIVO <\/b><\/a><span style=\"font-weight: 400;\">son las siguientes: Recreo o D\u00eda Activo, Comedor Escolar y Soda Escolar Saludables, Control del Ingreso de Alimentos, Programa de Alimentaci\u00f3n y Actividad F\u00edsica para el Personal Docente, as\u00ed como el An\u00e1lisis del estado nutricional, h\u00e1bitos de alimentaci\u00f3n y actividad f\u00edsica de las personas estudiantes.<\/span><\/p><\/div>\n\t\t\t\t<\/div>\n\t\t\t\t\t\t\t<div class=\"elementor-accordion-item\">\n\t\t\t\t\t<div id=\"elementor-tab-title-3973\" class=\"elementor-tab-title\" data-tab=\"3\" role=\"button\" aria-controls=\"elementor-tab-content-3973\" aria-expanded=\"false\">\n\t\t\t\t\t\t\t\t\t\t\t\t\t<span class=\"elementor-accordion-icon elementor-accordion-icon-left\" aria-hidden=\"true\">\n\t\t\t\t\t\t\t\t\t\t\t\t\t\t\t<span class=\"elementor-accordion-icon-closed\"><i class=\"fas fa-plus\"><\/i><\/span>\n\t\t\t\t\t\t\t\t<span class=\"elementor-accordion-icon-opened\"><i class=\"fas fa-minus\"><\/i><\/span>\n\t\t\t\t\t\t\t\t\t\t\t\t\t\t<\/span>\n\t\t\t\t\t\t\t\t\t\t\t\t<a class=\"elementor-accordion-title\" tabindex=\"0\">Familia<\/a>\n\t\t\t\t\t<\/div>\n\t\t\t\t\t<div id=\"elementor-tab-content-3973\" class=\"elementor-tab-content elementor-clearfix\" data-tab=\"3\" role=\"region\" aria-labelledby=\"elementor-tab-title-3973\"><p><span style=\"color: var( --e-global-color-text ); font-family: var( --e-global-typography-text-font-family ), Sans-serif; font-weight: var( --e-global-typography-text-font-weight ); font-size: 1rem;\">En el escenario <\/span><a href=\"https:\/\/pongalevida.ucr.ac.cr\/index.php\/modalpopupbox\/familia\/\" target=\"_blank\" rel=\"noopener\"><strong>FAMILIA<\/strong><\/a><span style=\"color: var( --e-global-color-text ); font-family: var( --e-global-typography-text-font-family ), Sans-serif; font-size: 1rem;\"><b>,<\/b><\/span><span style=\"color: var( --e-global-color-text ); font-family: var( --e-global-typography-text-font-family ), Sans-serif; font-weight: var( --e-global-typography-text-font-weight ); font-size: 1rem;\"> el Modelo P\u00f3ngale Vida\u24c7 <\/span><span style=\"font-family: var( --e-global-typography-text-font-family ), Sans-serif; font-weight: var( --e-global-typography-text-font-weight ); font-size: 1rem;\">\u00a0<\/span><span style=\"font-weight: 400;\">busca sensibilizar a las familias de las personas estudiantes con relaci\u00f3n al sobrepeso y la obesidad como un problema de salud nacional, sobre el cual, el escenario <\/span><a href=\"https:\/\/pongalevida.ucr.ac.cr\/index.php\/modalpopupbox\/familia\/\" target=\"_blank\" rel=\"noopener\"><b>FAMILIA<\/b><\/a><span style=\"font-weight: 400;\"> puede incidir con buenas pr\u00e1cticas de alimentaci\u00f3n y actividad f\u00edsica.\u00a0\u00a0<\/span><span style=\"font-family: var( --e-global-typography-text-font-family ), Sans-serif; font-weight: var( --e-global-typography-text-font-weight ); font-size: 1rem;\">Las estrategias que se han desarrollado para la <\/span><b><a href=\"https:\/\/pongalevida.ucr.ac.cr\/index.php\/modalpopupbox\/familia\/\" target=\"_blank\" rel=\"noopener\"><span style=\"font-family: var( --e-global-typography-text-font-family ), Sans-serif; font-size: 1rem;\">FAMILIA<\/span><\/a><span style=\"font-family: var( --e-global-typography-text-font-family ), Sans-serif; font-size: 1rem;\">\u00a0<\/span><\/b><span style=\"font-family: var( --e-global-typography-text-font-family ), Sans-serif; font-weight: var( --e-global-typography-text-font-weight ); font-size: 1rem;\">son las siguientes:\u00a0<\/span><span style=\"font-family: var( --e-global-typography-text-font-family ), Sans-serif; font-size: 1rem;\">Casas Saludables, Escuela para Padres y Compromiso Familiar.\u00a0<\/span><\/p><\/div>\n\t\t\t\t<\/div>\n\t\t\t\t\t\t\t<div class=\"elementor-accordion-item\">\n\t\t\t\t\t<div id=\"elementor-tab-title-3974\" class=\"elementor-tab-title\" data-tab=\"4\" role=\"button\" aria-controls=\"elementor-tab-content-3974\" aria-expanded=\"false\">\n\t\t\t\t\t\t\t\t\t\t\t\t\t<span class=\"elementor-accordion-icon elementor-accordion-icon-left\" aria-hidden=\"true\">\n\t\t\t\t\t\t\t\t\t\t\t\t\t\t\t<span class=\"elementor-accordion-icon-closed\"><i class=\"fas fa-plus\"><\/i><\/span>\n\t\t\t\t\t\t\t\t<span class=\"elementor-accordion-icon-opened\"><i class=\"fas fa-minus\"><\/i><\/span>\n\t\t\t\t\t\t\t\t\t\t\t\t\t\t<\/span>\n\t\t\t\t\t\t\t\t\t\t\t\t<a class=\"elementor-accordion-title\" tabindex=\"0\">Comunidad<\/a>\n\t\t\t\t\t<\/div>\n\t\t\t\t\t<div id=\"elementor-tab-content-3974\" class=\"elementor-tab-content elementor-clearfix\" data-tab=\"4\" role=\"region\" aria-labelledby=\"elementor-tab-title-3974\"><p><span style=\"color: var( --e-global-color-text ); font-family: var( --e-global-typography-text-font-family ), Sans-serif; font-weight: var( --e-global-typography-text-font-weight ); font-size: 1rem;\">En el escenario\u00a0<\/span><strong><a href=\"https:\/\/pongalevida.ucr.ac.cr\/index.php\/modalpopupbox\/comunidad\/\" target=\"_blank\" rel=\"noopener\">COMUNIDAD<\/a><\/strong><span style=\"color: var( --e-global-color-text ); font-family: var( --e-global-typography-text-font-family ), Sans-serif; font-weight: var( --e-global-typography-text-font-weight ); font-size: 1rem;\">, el Modelo P\u00f3ngale Vida\u24c7 espera<\/span><span style=\"font-weight: 400;\">\u00a0generar acciones y desarrollar habilidades en las personas l\u00edderes comunitarias para gestionar alternativas que favorezcan la transformaci\u00f3n del ambiente alimentario y de actividad f\u00edsica, de modo que se contribuya a reducir\u00a0 la problem\u00e1tica del exceso de peso.\u00a0<\/span><span style=\"font-family: var( --e-global-typography-text-font-family ), Sans-serif; font-weight: var( --e-global-typography-text-font-weight ); font-size: 1rem;\">\u00a0Una de las estrategias que se desarrollaron para la\u00a0<\/span><a href=\"https:\/\/pongalevida.ucr.ac.cr\/index.php\/comunidad\/\" target=\"_blank\" rel=\"noopener\"><span style=\"font-family: var( --e-global-typography-text-font-family ), Sans-serif; font-size: 1rem; font-weight: bold;\">COMUNIDAD<\/span><\/a><span style=\"font-family: var( --e-global-typography-text-font-family ), Sans-serif; font-weight: var( --e-global-typography-text-font-weight ); font-size: 1rem;\">\u00a0fue el<\/span><span style=\"font-family: var( --e-global-typography-text-font-family ), Sans-serif; font-size: 1rem;\">\u00a0Domingo Familiar, que tiene como requisito indispensable la capacitaci\u00f3n a las personas l\u00edderes comunitarias y la sensibilizaci\u00f3n de las instituciones involucradas.<\/span><\/p><\/div>\n\t\t\t\t<\/div>\n\t\t\t\t\t\t\t\t<\/div>\n\t\t\t\t\t\t<\/div>\n\t\t\t\t<\/div>\n\t\t\t\t<div class=\"elementor-element elementor-element-d7f1db7 ha-has-bg-overlay elementor-widget elementor-widget-spacer\" data-id=\"d7f1db7\" data-element_type=\"widget\" data-e-type=\"widget\" data-widget_type=\"spacer.default\">\n\t\t\t\t<div class=\"elementor-widget-container\">\n\t\t\t\t\t\t\t<div class=\"elementor-spacer\">\n\t\t\t<div class=\"elementor-spacer-inner\"><\/div>\n\t\t<\/div>\n\t\t\t\t\t\t<\/div>\n\t\t\t\t<\/div>\n\t\t\t\t\t<\/div>\n\t\t<\/div>\n\t\t\t\t\t<\/div>\n\t\t<\/section>\n\t\t\t\t<section class=\"elementor-section elementor-top-section elementor-element elementor-element-4f2e1e1 elementor-section-boxed elementor-section-height-default elementor-section-height-default\" data-id=\"4f2e1e1\" data-element_type=\"section\" data-e-type=\"section\" data-settings=\"{&quot;_ha_eqh_enable&quot;:false}\">\n\t\t\t\t\t\t<div class=\"elementor-container elementor-column-gap-default\">\n\t\t\t\t\t<div class=\"elementor-column elementor-col-100 elementor-top-column elementor-element elementor-element-105fbb8\" data-id=\"105fbb8\" data-element_type=\"column\" data-e-type=\"column\">\n\t\t\t<div class=\"elementor-widget-wrap\">\n\t\t\t\t\t\t\t<\/div>\n\t\t<\/div>\n\t\t\t\t\t<\/div>\n\t\t<\/section>\n\t\t\t\t<\/div>\n\t\t","protected":false},"excerpt":{"rendered":"<p>\u00a0 Las estrategias del Modelo P\u00f3ngale Vida\u24c7 fueron dise\u00f1adas para cada uno de los escenarios que contempla el Modelo Ecol\u00f3gico de Bromfrenbrenner y\u00a0que tienen influencia&hellip;<\/p>\n","protected":false},"author":2,"featured_media":0,"parent":0,"menu_order":0,"comment_status":"closed","ping_status":"closed","template":"","meta":{"_regular_price":[],"currency_symbol":[],"footnotes":""},"class_list":["post-943","page","type-page","status-publish","hentry"],"post_slider_layout_featured_media_urls":{"thumbnail":"","post_slider_layout_landscape_large":"","post_slider_layout_portrait_large":"","post_slider_layout_square_large":"","post_slider_layout_landscape":"","post_slider_layout_portrait":"","post_slider_layout_square":"","full":""},"_links":{"self":[{"href":"https:\/\/pongalevida.ucr.ac.cr\/index.php\/wp-json\/wp\/v2\/pages\/943","targetHints":{"allow":["GET"]}}],"collection":[{"href":"https:\/\/pongalevida.ucr.ac.cr\/index.php\/wp-json\/wp\/v2\/pages"}],"about":[{"href":"https:\/\/pongalevida.ucr.ac.cr\/index.php\/wp-json\/wp\/v2\/types\/page"}],"author":[{"embeddable":true,"href":"https:\/\/pongalevida.ucr.ac.cr\/index.php\/wp-json\/wp\/v2\/users\/2"}],"replies":[{"embeddable":true,"href":"https:\/\/pongalevida.ucr.ac.cr\/index.php\/wp-json\/wp\/v2\/comments?post=943"}],"version-history":[{"count":87,"href":"https:\/\/pongalevida.ucr.ac.cr\/index.php\/wp-json\/wp\/v2\/pages\/943\/revisions"}],"predecessor-version":[{"id":2987,"href":"https:\/\/pongalevida.ucr.ac.cr\/index.php\/wp-json\/wp\/v2\/pages\/943\/revisions\/2987"}],"wp:attachment":[{"href":"https:\/\/pongalevida.ucr.ac.cr\/index.php\/wp-json\/wp\/v2\/media?parent=943"}],"curies":[{"name":"wp","href":"https:\/\/api.w.org\/{rel}","templated":true}]}}