{"id":93,"date":"2022-10-09T18:17:41","date_gmt":"2022-10-09T18:17:41","guid":{"rendered":"https:\/\/pongalevida.ucr.ac.cr\/?page_id=93"},"modified":"2023-06-21T16:34:59","modified_gmt":"2023-06-21T16:34:59","slug":"recursos","status":"publish","type":"page","link":"https:\/\/pongalevida.ucr.ac.cr\/index.php\/recursos\/","title":{"rendered":"Recursos"},"content":{"rendered":"\t\t<div data-elementor-type=\"wp-page\" data-elementor-id=\"93\" class=\"elementor elementor-93\" data-elementor-settings=\"{&quot;ha_cmc_init_switcher&quot;:&quot;no&quot;}\">\n\t\t\t\t\t\t<section class=\"elementor-section elementor-top-section elementor-element elementor-element-223c3c89 elementor-section-boxed elementor-section-height-default elementor-section-height-default\" data-id=\"223c3c89\" data-element_type=\"section\" data-e-type=\"section\" data-settings=\"{&quot;background_background&quot;:&quot;classic&quot;,&quot;shape_divider_top&quot;:&quot;waves&quot;,&quot;_ha_eqh_enable&quot;:false}\">\n\t\t\t\t\t<div class=\"elementor-shape elementor-shape-top\" aria-hidden=\"true\" data-negative=\"false\">\n\t\t\t<svg xmlns=\"http:\/\/www.w3.org\/2000\/svg\" viewBox=\"0 0 1000 100\" preserveAspectRatio=\"none\">\n\t<path class=\"elementor-shape-fill\" d=\"M421.9,6.5c22.6-2.5,51.5,0.4,75.5,5.3c23.6,4.9,70.9,23.5,100.5,35.7c75.8,32.2,133.7,44.5,192.6,49.7\n\tc23.6,2.1,48.7,3.5,103.4-2.5c54.7-6,106.2-25.6,106.2-25.6V0H0v30.3c0,0,72,32.6,158.4,30.5c39.2-0.7,92.8-6.7,134-22.4\n\tc21.2-8.1,52.2-18.2,79.7-24.2C399.3,7.9,411.6,7.5,421.9,6.5z\"\/>\n<\/svg>\t\t<\/div>\n\t\t\t\t\t<div class=\"elementor-container elementor-column-gap-default\">\n\t\t\t\t\t<div class=\"elementor-column elementor-col-50 elementor-top-column elementor-element elementor-element-3f1acc58\" data-id=\"3f1acc58\" data-element_type=\"column\" data-e-type=\"column\">\n\t\t\t<div class=\"elementor-widget-wrap elementor-element-populated\">\n\t\t\t\t\t\t<div class=\"elementor-element elementor-element-9089e5a ha-has-bg-overlay elementor-widget elementor-widget-text-editor\" data-id=\"9089e5a\" data-element_type=\"widget\" data-e-type=\"widget\" data-widget_type=\"text-editor.default\">\n\t\t\t\t<div class=\"elementor-widget-container\">\n\t\t\t\t\t\t\t\t\t<p>Para facilitar el proceso de promoci\u00f3n de la alimentaci\u00f3n saludable y la actividad f\u00edsica en las personas menores de edad que se encuentran en la educaci\u00f3n formal desde el ciclo preescolar hasta secundaria, el <a href=\"https:\/\/pongalevida.ucr.ac.cr\/index.php\/modelo\/\">Modelo P\u00f3ngale Vida\u24c7<\/a> ha dise\u00f1ado distintas actividades y recursos de apoyo did\u00e1ctico, a saber: videos, podcast, hojas de trabajo semanal, hojas de trabajo diario de materias del curr\u00edculum de preescolar, primer y segundo ciclo, manuales para docentes de preescolar, primer y segundo ciclo, recomendaciones did\u00e1cticas para docentes de tercer ciclo y educaci\u00f3n diversificada, as\u00ed como un compendio de sugerencias sobre actividades l\u00fadicas que se pueden desarrollar en clase y\u00a0 en el recreo.<\/p>\t\t\t\t\t\t\t\t<\/div>\n\t\t\t\t<\/div>\n\t\t\t\t\t<\/div>\n\t\t<\/div>\n\t\t\t\t<div class=\"elementor-column elementor-col-50 elementor-top-column elementor-element elementor-element-fcc2f6c\" data-id=\"fcc2f6c\" data-element_type=\"column\" data-e-type=\"column\">\n\t\t\t<div class=\"elementor-widget-wrap elementor-element-populated\">\n\t\t\t\t\t\t<div class=\"elementor-element elementor-element-0888986 elementor-widget elementor-widget-text-editor\" data-id=\"0888986\" data-element_type=\"widget\" data-e-type=\"widget\" data-widget_type=\"text-editor.default\">\n\t\t\t\t<div class=\"elementor-widget-container\">\n\t\t\t\t\t\t\t\t\t<p>Las actividades y recursos de <a href=\"https:\/\/pongalevida.ucr.ac.cr\/index.php\/quienes-somos\/\" target=\"_blank\" rel=\"noopener\">P\u00f3ngale Vida\u24c7<\/a>\u00a0 se pueden aplicar en los\u00a0diferentes escenarios del Modelo, a saber: <a href=\"https:\/\/pongalevida.ucr.ac.cr\/index.php\/elementor-1304\/\">AULA<\/a>, <a href=\"https:\/\/pongalevida.ucr.ac.cr\/index.php\/elementor-1304\/\">CENTRO EDUCATIVO<\/a>, <a href=\"https:\/\/pongalevida.ucr.ac.cr\/index.php\/elementor-1357\/\">FAMILIA<\/a> y <a href=\"https:\/\/pongalevida.ucr.ac.cr\/index.php\/comunidad\/\">COMUNIDAD<\/a>. Se considera adem\u00e1s que tambi\u00e9n podr\u00edan fortalecer otros programas, proyectos o acciones existentes a nivel local, regional o nacional, para la prevenci\u00f3n del exceso de peso en las personas menores de edad.<\/p><p>Las actividades y recursos con que cuenta el <a href=\"https:\/\/pongalevida.ucr.ac.cr\/index.php\/modelo\/\">Modelo P\u00f3ngale Vida\u24c7<\/a> se detallan a continuaci\u00f3n. Es importante hacer notar que, para facilitar su b\u00fasqueda, los recursos correspondientes al escenario\u00a0<a href=\"https:\/\/pongalevida.ucr.ac.cr\/index.php\/modelo\/\">AULA<\/a>, se han incluido en CENTRO EDUCATIVO.<\/p>\t\t\t\t\t\t\t\t<\/div>\n\t\t\t\t<\/div>\n\t\t\t\t\t<\/div>\n\t\t<\/div>\n\t\t\t\t\t<\/div>\n\t\t<\/section>\n\t\t\t\t<section class=\"elementor-section elementor-top-section elementor-element elementor-element-12bb4ae elementor-section-boxed elementor-section-height-default elementor-section-height-default\" data-id=\"12bb4ae\" data-element_type=\"section\" data-e-type=\"section\" data-settings=\"{&quot;_ha_eqh_enable&quot;:false}\">\n\t\t\t\t\t\t<div class=\"elementor-container elementor-column-gap-default\">\n\t\t\t\t\t<div class=\"elementor-column elementor-col-33 elementor-top-column elementor-element elementor-element-a9299fb\" data-id=\"a9299fb\" data-element_type=\"column\" data-e-type=\"column\">\n\t\t\t<div class=\"elementor-widget-wrap elementor-element-populated\">\n\t\t\t\t\t\t<div class=\"elementor-element elementor-element-d830b7d elementor-widget elementor-widget-image\" data-id=\"d830b7d\" data-element_type=\"widget\" data-e-type=\"widget\" data-widget_type=\"image.default\">\n\t\t\t\t<div class=\"elementor-widget-container\">\n\t\t\t\t\t\t\t\t\t\t\t\t<figure class=\"wp-caption\">\n\t\t\t\t\t\t\t\t\t\t\t<a href=\"https:\/\/pongalevida.ucr.ac.cr\/index.php\/elementor-1304\/\">\n\t\t\t\t\t\t\t<img decoding=\"async\" width=\"150\" height=\"150\" src=\"https:\/\/pongalevida.ucr.ac.cr\/wp-content\/uploads\/2023\/03\/centroedu_boton1-27-150x150.png\" class=\"elementor-animation-hang attachment-thumbnail size-thumbnail wp-image-1264\" alt=\"\" srcset=\"https:\/\/pongalevida.ucr.ac.cr\/wp-content\/uploads\/2023\/03\/centroedu_boton1-27-150x150.png 150w, https:\/\/pongalevida.ucr.ac.cr\/wp-content\/uploads\/2023\/03\/centroedu_boton1-27-600x600.png 600w\" sizes=\"(max-width: 150px) 100vw, 150px\" \/>\t\t\t\t\t\t\t\t<\/a>\n\t\t\t\t\t\t\t\t\t\t\t<figcaption class=\"widget-image-caption wp-caption-text\">Centro Educativo<\/figcaption>\n\t\t\t\t\t\t\t\t\t\t<\/figure>\n\t\t\t\t\t\t\t\t\t<\/div>\n\t\t\t\t<\/div>\n\t\t\t\t\t<\/div>\n\t\t<\/div>\n\t\t\t\t<div class=\"elementor-column elementor-col-33 elementor-top-column elementor-element elementor-element-fe3ac34\" data-id=\"fe3ac34\" data-element_type=\"column\" data-e-type=\"column\">\n\t\t\t<div class=\"elementor-widget-wrap elementor-element-populated\">\n\t\t\t\t\t\t<div class=\"elementor-element elementor-element-a8f45ed elementor-widget elementor-widget-image\" data-id=\"a8f45ed\" data-element_type=\"widget\" data-e-type=\"widget\" data-widget_type=\"image.default\">\n\t\t\t\t<div class=\"elementor-widget-container\">\n\t\t\t\t\t\t\t\t\t\t\t\t<figure class=\"wp-caption\">\n\t\t\t\t\t\t\t\t\t\t\t<a href=\"https:\/\/pongalevida.ucr.ac.cr\/index.php\/elementor-1357\/\">\n\t\t\t\t\t\t\t<img decoding=\"async\" width=\"150\" height=\"150\" src=\"https:\/\/pongalevida.ucr.ac.cr\/wp-content\/uploads\/2023\/03\/familia_boton1-28-150x150.png\" class=\"elementor-animation-hang attachment-thumbnail size-thumbnail wp-image-1263\" alt=\"\" srcset=\"https:\/\/pongalevida.ucr.ac.cr\/wp-content\/uploads\/2023\/03\/familia_boton1-28-150x150.png 150w, https:\/\/pongalevida.ucr.ac.cr\/wp-content\/uploads\/2023\/03\/familia_boton1-28-600x600.png 600w\" sizes=\"(max-width: 150px) 100vw, 150px\" \/>\t\t\t\t\t\t\t\t<\/a>\n\t\t\t\t\t\t\t\t\t\t\t<figcaption class=\"widget-image-caption wp-caption-text\">Familia<\/figcaption>\n\t\t\t\t\t\t\t\t\t\t<\/figure>\n\t\t\t\t\t\t\t\t\t<\/div>\n\t\t\t\t<\/div>\n\t\t\t\t\t<\/div>\n\t\t<\/div>\n\t\t\t\t<div class=\"elementor-column elementor-col-33 elementor-top-column elementor-element elementor-element-ca70ecd\" data-id=\"ca70ecd\" data-element_type=\"column\" data-e-type=\"column\">\n\t\t\t<div class=\"elementor-widget-wrap elementor-element-populated\">\n\t\t\t\t\t\t<div class=\"elementor-element elementor-element-d72683e elementor-widget elementor-widget-image\" data-id=\"d72683e\" data-element_type=\"widget\" data-e-type=\"widget\" data-widget_type=\"image.default\">\n\t\t\t\t<div class=\"elementor-widget-container\">\n\t\t\t\t\t\t\t\t\t\t\t\t<figure class=\"wp-caption\">\n\t\t\t\t\t\t\t\t\t\t\t<a href=\"https:\/\/pongalevida.ucr.ac.cr\/index.php\/comunidad\/\">\n\t\t\t\t\t\t\t<img decoding=\"async\" width=\"150\" height=\"150\" src=\"https:\/\/pongalevida.ucr.ac.cr\/wp-content\/uploads\/2023\/03\/comunidad_bton-29-150x150.png\" class=\"elementor-animation-hang attachment-thumbnail size-thumbnail wp-image-1262\" alt=\"\" srcset=\"https:\/\/pongalevida.ucr.ac.cr\/wp-content\/uploads\/2023\/03\/comunidad_bton-29-150x150.png 150w, https:\/\/pongalevida.ucr.ac.cr\/wp-content\/uploads\/2023\/03\/comunidad_bton-29-600x600.png 600w\" sizes=\"(max-width: 150px) 100vw, 150px\" \/>\t\t\t\t\t\t\t\t<\/a>\n\t\t\t\t\t\t\t\t\t\t\t<figcaption class=\"widget-image-caption wp-caption-text\">Comunidad<\/figcaption>\n\t\t\t\t\t\t\t\t\t\t<\/figure>\n\t\t\t\t\t\t\t\t\t<\/div>\n\t\t\t\t<\/div>\n\t\t\t\t\t<\/div>\n\t\t<\/div>\n\t\t\t\t\t<\/div>\n\t\t<\/section>\n\t\t\t\t<section class=\"elementor-section elementor-top-section elementor-element elementor-element-4dacb9a elementor-section-boxed elementor-section-height-default elementor-section-height-default\" data-id=\"4dacb9a\" data-element_type=\"section\" data-e-type=\"section\" data-settings=\"{&quot;_ha_eqh_enable&quot;:false}\">\n\t\t\t\t\t\t<div class=\"elementor-container elementor-column-gap-default\">\n\t\t\t\t\t<div class=\"elementor-column elementor-col-100 elementor-top-column elementor-element elementor-element-f50c4ee\" data-id=\"f50c4ee\" data-element_type=\"column\" data-e-type=\"column\">\n\t\t\t<div class=\"elementor-widget-wrap elementor-element-populated\">\n\t\t\t\t\t\t<div class=\"elementor-element elementor-element-58e1fe8 ha-has-bg-overlay elementor-widget elementor-widget-spacer\" data-id=\"58e1fe8\" data-element_type=\"widget\" data-e-type=\"widget\" data-widget_type=\"spacer.default\">\n\t\t\t\t<div class=\"elementor-widget-container\">\n\t\t\t\t\t\t\t<div class=\"elementor-spacer\">\n\t\t\t<div class=\"elementor-spacer-inner\"><\/div>\n\t\t<\/div>\n\t\t\t\t\t\t<\/div>\n\t\t\t\t<\/div>\n\t\t\t\t\t<\/div>\n\t\t<\/div>\n\t\t\t\t\t<\/div>\n\t\t<\/section>\n\t\t\t\t<\/div>\n\t\t","protected":false},"excerpt":{"rendered":"<p>Para facilitar el proceso de promoci\u00f3n de la alimentaci\u00f3n saludable y la actividad f\u00edsica en las personas menores de edad que se encuentran en la&hellip;<\/p>\n","protected":false},"author":5,"featured_media":0,"parent":0,"menu_order":0,"comment_status":"closed","ping_status":"closed","template":"","meta":{"_regular_price":[],"currency_symbol":[],"footnotes":""},"class_list":["post-93","page","type-page","status-publish","hentry"],"post_slider_layout_featured_media_urls":{"thumbnail":"","post_slider_layout_landscape_large":"","post_slider_layout_portrait_large":"","post_slider_layout_square_large":"","post_slider_layout_landscape":"","post_slider_layout_portrait":"","post_slider_layout_square":"","full":""},"_links":{"self":[{"href":"https:\/\/pongalevida.ucr.ac.cr\/index.php\/wp-json\/wp\/v2\/pages\/93","targetHints":{"allow":["GET"]}}],"collection":[{"href":"https:\/\/pongalevida.ucr.ac.cr\/index.php\/wp-json\/wp\/v2\/pages"}],"about":[{"href":"https:\/\/pongalevida.ucr.ac.cr\/index.php\/wp-json\/wp\/v2\/types\/page"}],"author":[{"embeddable":true,"href":"https:\/\/pongalevida.ucr.ac.cr\/index.php\/wp-json\/wp\/v2\/users\/5"}],"replies":[{"embeddable":true,"href":"https:\/\/pongalevida.ucr.ac.cr\/index.php\/wp-json\/wp\/v2\/comments?post=93"}],"version-history":[{"count":153,"href":"https:\/\/pongalevida.ucr.ac.cr\/index.php\/wp-json\/wp\/v2\/pages\/93\/revisions"}],"predecessor-version":[{"id":2781,"href":"https:\/\/pongalevida.ucr.ac.cr\/index.php\/wp-json\/wp\/v2\/pages\/93\/revisions\/2781"}],"wp:attachment":[{"href":"https:\/\/pongalevida.ucr.ac.cr\/index.php\/wp-json\/wp\/v2\/media?parent=93"}],"curies":[{"name":"wp","href":"https:\/\/api.w.org\/{rel}","templated":true}]}}