{"id":91,"date":"2022-10-09T18:17:19","date_gmt":"2022-10-09T18:17:19","guid":{"rendered":"https:\/\/pongalevida.ucr.ac.cr\/?page_id=91"},"modified":"2023-09-01T21:43:59","modified_gmt":"2023-09-01T21:43:59","slug":"quienes-somos","status":"publish","type":"page","link":"https:\/\/pongalevida.ucr.ac.cr\/index.php\/quienes-somos\/","title":{"rendered":"\u00bfQui\u00e9nes somos?"},"content":{"rendered":"\t\t<div data-elementor-type=\"wp-page\" data-elementor-id=\"91\" class=\"elementor elementor-91\" data-elementor-settings=\"{&quot;ha_cmc_init_switcher&quot;:&quot;no&quot;}\">\n\t\t\t\t\t\t<section class=\"elementor-section elementor-top-section elementor-element elementor-element-ab950f0 elementor-section-boxed elementor-section-height-default elementor-section-height-default\" data-id=\"ab950f0\" data-element_type=\"section\" data-e-type=\"section\" data-settings=\"{&quot;background_background&quot;:&quot;classic&quot;,&quot;_ha_eqh_enable&quot;:false}\">\n\t\t\t\t\t\t<div class=\"elementor-container elementor-column-gap-default\">\n\t\t\t\t\t<div class=\"elementor-column elementor-col-50 elementor-top-column elementor-element elementor-element-50380a0\" data-id=\"50380a0\" data-element_type=\"column\" data-e-type=\"column\">\n\t\t\t<div class=\"elementor-widget-wrap elementor-element-populated\">\n\t\t\t\t\t\t<div class=\"elementor-element elementor-element-2ce2fe4 ha-has-bg-overlay elementor-widget elementor-widget-text-editor\" data-id=\"2ce2fe4\" data-element_type=\"widget\" data-e-type=\"widget\" data-widget_type=\"text-editor.default\">\n\t\t\t\t<div class=\"elementor-widget-container\">\n\t\t\t\t\t\t\t\t\t<p>P\u00f3ngale Vida\u24c7 es un modelo educativo costarricense de prevenci\u00f3n de la obesidad infantil, constituido por un conjunto de estrategias que esperan favorecer el cambio de conducta para la promoci\u00f3n de\u00a0 alimentaci\u00f3n saludable y\u00a0 actividad f\u00edsica, en cualquier condici\u00f3n nutricional.<\/p><p>Este modelo se dise\u00f1\u00f3 tomando como punto de partida el Modelo Ecol\u00f3gico de Bromfrenbrenner \u00a0y el Modelo Transte\u00f3rico del Comportamiento en Salud.\u00a0\u00a0Adem\u00e1s, se trabaj\u00f3 desde una perspectiva transversal dentro del curr\u00edculum del sistema educativo.<\/p><p>Las estrategias\u00a0que conforman\u00a0P\u00f3ngale Vida\u24c7\u00a0se desarrollaron considerando las caracter\u00edsticas culturales y sociales del \u00e1rea geogr\u00e1fica, as\u00ed como los diferentes escenarios que tienen influencia en el desarrollo integral de las personas estudiantes de las escuelas y colegios, a saber:\u00a0 \u00a0el aula, el centro educativo, la familia y la comunidad.\u00a0<\/p>\t\t\t\t\t\t\t\t<\/div>\n\t\t\t\t<\/div>\n\t\t\t\t\t<\/div>\n\t\t<\/div>\n\t\t\t\t<div class=\"elementor-column elementor-col-50 elementor-top-column elementor-element elementor-element-9f8a0c4\" data-id=\"9f8a0c4\" data-element_type=\"column\" data-e-type=\"column\">\n\t\t\t<div class=\"elementor-widget-wrap elementor-element-populated\">\n\t\t\t\t\t\t<div class=\"elementor-element elementor-element-8e2a49b elementor-widget elementor-widget-video\" data-id=\"8e2a49b\" data-element_type=\"widget\" data-e-type=\"widget\" data-settings=\"{&quot;video_type&quot;:&quot;hosted&quot;,&quot;controls&quot;:&quot;yes&quot;}\" data-widget_type=\"video.default\">\n\t\t\t\t<div class=\"elementor-widget-container\">\n\t\t\t\t\t\t\t<div class=\"e-hosted-video elementor-wrapper elementor-open-inline\">\n\t\t\t\t\t<video class=\"elementor-video\" src=\"https:\/\/pongalevida.ucr.ac.cr\/wp-content\/uploads\/2023\/06\/quienes-somos-V2.mp4\" controls=\"\" preload=\"metadata\" controlsList=\"nodownload\"><\/video>\n\t\t\t\t<\/div>\n\t\t\t\t\t\t<\/div>\n\t\t\t\t<\/div>\n\t\t\t\t\t<\/div>\n\t\t<\/div>\n\t\t\t\t\t<\/div>\n\t\t<\/section>\n\t\t\t\t<section class=\"elementor-section elementor-top-section elementor-element elementor-element-aadd2f2 elementor-section-boxed elementor-section-height-default elementor-section-height-default\" data-id=\"aadd2f2\" data-element_type=\"section\" data-e-type=\"section\" data-settings=\"{&quot;_ha_eqh_enable&quot;:false}\">\n\t\t\t\t\t\t<div class=\"elementor-container elementor-column-gap-default\">\n\t\t\t\t\t<div class=\"elementor-column elementor-col-100 elementor-top-column elementor-element elementor-element-f33e4c0\" data-id=\"f33e4c0\" data-element_type=\"column\" data-e-type=\"column\">\n\t\t\t<div class=\"elementor-widget-wrap elementor-element-populated\">\n\t\t\t\t\t\t<div class=\"elementor-element elementor-element-cd989b7 elementor-widget elementor-widget-text-editor\" data-id=\"cd989b7\" data-element_type=\"widget\" data-e-type=\"widget\" data-widget_type=\"text-editor.default\">\n\t\t\t\t<div class=\"elementor-widget-container\">\n\t\t\t\t\t\t\t\t\t<h3 style=\"text-align: center;\">Objetivo\u00a0<\/h3><h2 style=\"text-align: center;\">P\u00f3ngale Vida\u24c7<\/h2><h4 style=\"text-align: center;\"><span style=\"color: #ff9900;\">Promover estilos de vida saludables y prevenir el sobrepeso y la obesidad en<\/span><\/h4>\t\t\t\t\t\t\t\t<\/div>\n\t\t\t\t<\/div>\n\t\t\t\t\t<\/div>\n\t\t<\/div>\n\t\t\t\t\t<\/div>\n\t\t<\/section>\n\t\t\t\t<section class=\"elementor-section elementor-top-section elementor-element elementor-element-8e50e98 elementor-section-boxed elementor-section-height-default elementor-section-height-default\" data-id=\"8e50e98\" data-element_type=\"section\" data-e-type=\"section\" data-settings=\"{&quot;_ha_eqh_enable&quot;:false}\">\n\t\t\t\t\t\t<div class=\"elementor-container elementor-column-gap-default\">\n\t\t\t\t\t<div class=\"elementor-column elementor-col-20 elementor-top-column elementor-element elementor-element-08bad16\" data-id=\"08bad16\" data-element_type=\"column\" data-e-type=\"column\">\n\t\t\t<div class=\"elementor-widget-wrap\">\n\t\t\t\t\t\t\t<\/div>\n\t\t<\/div>\n\t\t\t\t<div class=\"elementor-column elementor-col-20 elementor-top-column elementor-element elementor-element-908bc41\" data-id=\"908bc41\" data-element_type=\"column\" data-e-type=\"column\">\n\t\t\t<div class=\"elementor-widget-wrap elementor-element-populated\">\n\t\t\t\t\t\t<div class=\"elementor-element elementor-element-16cad30 elementor-widget elementor-widget-image\" data-id=\"16cad30\" data-element_type=\"widget\" data-e-type=\"widget\" data-widget_type=\"image.default\">\n\t\t\t\t<div class=\"elementor-widget-container\">\n\t\t\t\t\t\t\t\t\t\t\t\t\t\t\t<img decoding=\"async\" width=\"150\" height=\"150\" src=\"https:\/\/pongalevida.ucr.ac.cr\/wp-content\/uploads\/2023\/06\/Preescolares-150x150.png\" class=\"attachment-thumbnail size-thumbnail wp-image-2442\" alt=\"Preescolares\" srcset=\"https:\/\/pongalevida.ucr.ac.cr\/wp-content\/uploads\/2023\/06\/Preescolares-150x150.png 150w, https:\/\/pongalevida.ucr.ac.cr\/wp-content\/uploads\/2023\/06\/Preescolares-300x300.png 300w, https:\/\/pongalevida.ucr.ac.cr\/wp-content\/uploads\/2023\/06\/Preescolares-600x600.png 600w, https:\/\/pongalevida.ucr.ac.cr\/wp-content\/uploads\/2023\/06\/Preescolares.png 687w\" sizes=\"(max-width: 150px) 100vw, 150px\" \/>\t\t\t\t\t\t\t\t\t\t\t\t\t\t\t<\/div>\n\t\t\t\t<\/div>\n\t\t\t\t<div class=\"elementor-element elementor-element-fc0e5f0 elementor-widget elementor-widget-text-editor\" data-id=\"fc0e5f0\" data-element_type=\"widget\" data-e-type=\"widget\" data-widget_type=\"text-editor.default\">\n\t\t\t\t<div class=\"elementor-widget-container\">\n\t\t\t\t\t\t\t\t\t<h5 style=\"text-align: center;\"><span style=\"color: #ff9900;\">Preescolares<\/span><\/h5>\t\t\t\t\t\t\t\t<\/div>\n\t\t\t\t<\/div>\n\t\t\t\t\t<\/div>\n\t\t<\/div>\n\t\t\t\t<div class=\"elementor-column elementor-col-20 elementor-top-column elementor-element elementor-element-72b4f01\" data-id=\"72b4f01\" data-element_type=\"column\" data-e-type=\"column\">\n\t\t\t<div class=\"elementor-widget-wrap elementor-element-populated\">\n\t\t\t\t\t\t<div class=\"elementor-element elementor-element-ad47e39 elementor-widget elementor-widget-image\" data-id=\"ad47e39\" data-element_type=\"widget\" data-e-type=\"widget\" data-widget_type=\"image.default\">\n\t\t\t\t<div class=\"elementor-widget-container\">\n\t\t\t\t\t\t\t\t\t\t\t\t\t\t\t<img decoding=\"async\" width=\"150\" height=\"150\" src=\"https:\/\/pongalevida.ucr.ac.cr\/wp-content\/uploads\/2023\/06\/Escolares-150x150.png\" class=\"attachment-thumbnail size-thumbnail wp-image-2441\" alt=\"\" srcset=\"https:\/\/pongalevida.ucr.ac.cr\/wp-content\/uploads\/2023\/06\/Escolares-150x150.png 150w, https:\/\/pongalevida.ucr.ac.cr\/wp-content\/uploads\/2023\/06\/Escolares-300x300.png 300w, https:\/\/pongalevida.ucr.ac.cr\/wp-content\/uploads\/2023\/06\/Escolares-600x600.png 600w, https:\/\/pongalevida.ucr.ac.cr\/wp-content\/uploads\/2023\/06\/Escolares.png 687w\" sizes=\"(max-width: 150px) 100vw, 150px\" \/>\t\t\t\t\t\t\t\t\t\t\t\t\t\t\t<\/div>\n\t\t\t\t<\/div>\n\t\t\t\t<div class=\"elementor-element elementor-element-473dee5 elementor-widget elementor-widget-text-editor\" data-id=\"473dee5\" data-element_type=\"widget\" data-e-type=\"widget\" data-widget_type=\"text-editor.default\">\n\t\t\t\t<div class=\"elementor-widget-container\">\n\t\t\t\t\t\t\t\t\t<h5 style=\"text-align: center;\"><span style=\"color: #ff9900;\">Escolares<\/span><\/h5>\t\t\t\t\t\t\t\t<\/div>\n\t\t\t\t<\/div>\n\t\t\t\t\t<\/div>\n\t\t<\/div>\n\t\t\t\t<div class=\"elementor-column elementor-col-20 elementor-top-column elementor-element elementor-element-6279a04\" data-id=\"6279a04\" data-element_type=\"column\" data-e-type=\"column\">\n\t\t\t<div class=\"elementor-widget-wrap elementor-element-populated\">\n\t\t\t\t\t\t<div class=\"elementor-element elementor-element-283b6c3 elementor-widget elementor-widget-image\" data-id=\"283b6c3\" data-element_type=\"widget\" data-e-type=\"widget\" data-widget_type=\"image.default\">\n\t\t\t\t<div class=\"elementor-widget-container\">\n\t\t\t\t\t\t\t\t\t\t\t\t\t\t\t<img decoding=\"async\" src=\"https:\/\/pongalevida.ucr.ac.cr\/wp-content\/uploads\/elementor\/thumbs\/Adolecentes-q7x06n975wzu7kbtsdsoopmr9ckir4knbpektk2puk.png\" title=\"Adolecentes\" alt=\"Adolecentes\" loading=\"lazy\" \/>\t\t\t\t\t\t\t\t\t\t\t\t\t\t\t<\/div>\n\t\t\t\t<\/div>\n\t\t\t\t<div class=\"elementor-element elementor-element-fa747ed elementor-widget elementor-widget-text-editor\" data-id=\"fa747ed\" data-element_type=\"widget\" data-e-type=\"widget\" data-widget_type=\"text-editor.default\">\n\t\t\t\t<div class=\"elementor-widget-container\">\n\t\t\t\t\t\t\t\t\t<h5 style=\"text-align: center;\"><span style=\"color: #ff9900;\">Adolescentes<\/span><\/h5>\t\t\t\t\t\t\t\t<\/div>\n\t\t\t\t<\/div>\n\t\t\t\t\t<\/div>\n\t\t<\/div>\n\t\t\t\t<div class=\"elementor-column elementor-col-20 elementor-top-column elementor-element elementor-element-2e5ef0f\" data-id=\"2e5ef0f\" data-element_type=\"column\" data-e-type=\"column\">\n\t\t\t<div class=\"elementor-widget-wrap\">\n\t\t\t\t\t\t\t<\/div>\n\t\t<\/div>\n\t\t\t\t\t<\/div>\n\t\t<\/section>\n\t\t\t\t<section class=\"elementor-section elementor-top-section elementor-element elementor-element-092a169 elementor-section-boxed elementor-section-height-default elementor-section-height-default\" data-id=\"092a169\" data-element_type=\"section\" data-e-type=\"section\" data-settings=\"{&quot;_ha_eqh_enable&quot;:false}\">\n\t\t\t\t\t\t<div class=\"elementor-container elementor-column-gap-default\">\n\t\t\t\t\t<div class=\"elementor-column elementor-col-100 elementor-top-column elementor-element elementor-element-ac7d7aa\" data-id=\"ac7d7aa\" data-element_type=\"column\" data-e-type=\"column\">\n\t\t\t<div class=\"elementor-widget-wrap elementor-element-populated\">\n\t\t\t\t\t\t<div class=\"elementor-element elementor-element-94f030b elementor-widget elementor-widget-image\" data-id=\"94f030b\" data-element_type=\"widget\" data-e-type=\"widget\" data-widget_type=\"image.default\">\n\t\t\t\t<div class=\"elementor-widget-container\">\n\t\t\t\t\t\t\t\t\t\t\t\t\t\t\t<img fetchpriority=\"high\" decoding=\"async\" width=\"1604\" height=\"523\" src=\"https:\/\/pongalevida.ucr.ac.cr\/wp-content\/uploads\/2023\/05\/Mesa-de-trabajo-9.png\" class=\"attachment-full size-full wp-image-2005\" alt=\"\" srcset=\"https:\/\/pongalevida.ucr.ac.cr\/wp-content\/uploads\/2023\/05\/Mesa-de-trabajo-9.png 1604w, https:\/\/pongalevida.ucr.ac.cr\/wp-content\/uploads\/2023\/05\/Mesa-de-trabajo-9-300x98.png 300w, https:\/\/pongalevida.ucr.ac.cr\/wp-content\/uploads\/2023\/05\/Mesa-de-trabajo-9-1024x334.png 1024w, https:\/\/pongalevida.ucr.ac.cr\/wp-content\/uploads\/2023\/05\/Mesa-de-trabajo-9-768x250.png 768w, https:\/\/pongalevida.ucr.ac.cr\/wp-content\/uploads\/2023\/05\/Mesa-de-trabajo-9-1536x501.png 1536w\" sizes=\"(max-width: 1604px) 100vw, 1604px\" \/>\t\t\t\t\t\t\t\t\t\t\t\t\t\t\t<\/div>\n\t\t\t\t<\/div>\n\t\t\t\t\t<\/div>\n\t\t<\/div>\n\t\t\t\t\t<\/div>\n\t\t<\/section>\n\t\t\t\t<\/div>\n\t\t","protected":false},"excerpt":{"rendered":"<p>P\u00f3ngale Vida\u24c7 es un modelo educativo costarricense de prevenci\u00f3n de la obesidad infantil, constituido por un conjunto de estrategias que esperan favorecer el cambio de&hellip;<\/p>\n","protected":false},"author":5,"featured_media":0,"parent":0,"menu_order":0,"comment_status":"closed","ping_status":"closed","template":"","meta":{"_regular_price":[],"currency_symbol":[],"footnotes":""},"class_list":["post-91","page","type-page","status-publish","hentry"],"post_slider_layout_featured_media_urls":{"thumbnail":"","post_slider_layout_landscape_large":"","post_slider_layout_portrait_large":"","post_slider_layout_square_large":"","post_slider_layout_landscape":"","post_slider_layout_portrait":"","post_slider_layout_square":"","full":""},"_links":{"self":[{"href":"https:\/\/pongalevida.ucr.ac.cr\/index.php\/wp-json\/wp\/v2\/pages\/91","targetHints":{"allow":["GET"]}}],"collection":[{"href":"https:\/\/pongalevida.ucr.ac.cr\/index.php\/wp-json\/wp\/v2\/pages"}],"about":[{"href":"https:\/\/pongalevida.ucr.ac.cr\/index.php\/wp-json\/wp\/v2\/types\/page"}],"author":[{"embeddable":true,"href":"https:\/\/pongalevida.ucr.ac.cr\/index.php\/wp-json\/wp\/v2\/users\/5"}],"replies":[{"embeddable":true,"href":"https:\/\/pongalevida.ucr.ac.cr\/index.php\/wp-json\/wp\/v2\/comments?post=91"}],"version-history":[{"count":266,"href":"https:\/\/pongalevida.ucr.ac.cr\/index.php\/wp-json\/wp\/v2\/pages\/91\/revisions"}],"predecessor-version":[{"id":3070,"href":"https:\/\/pongalevida.ucr.ac.cr\/index.php\/wp-json\/wp\/v2\/pages\/91\/revisions\/3070"}],"wp:attachment":[{"href":"https:\/\/pongalevida.ucr.ac.cr\/index.php\/wp-json\/wp\/v2\/media?parent=91"}],"curies":[{"name":"wp","href":"https:\/\/api.w.org\/{rel}","templated":true}]}}