{"id":507,"date":"2022-12-04T22:48:35","date_gmt":"2022-12-04T22:48:35","guid":{"rendered":"https:\/\/pongalevida.ucr.ac.cr\/?page_id=507"},"modified":"2023-11-16T15:30:56","modified_gmt":"2023-11-16T15:30:56","slug":"soda","status":"publish","type":"page","link":"https:\/\/pongalevida.ucr.ac.cr\/index.php\/soda\/","title":{"rendered":"Soda"},"content":{"rendered":"\t\t<div data-elementor-type=\"wp-page\" data-elementor-id=\"507\" class=\"elementor elementor-507\" data-elementor-settings=\"{&quot;ha_cmc_init_switcher&quot;:&quot;no&quot;}\">\n\t\t\t\t\t\t<section class=\"elementor-section elementor-top-section elementor-element elementor-element-5c869d4 elementor-section-boxed elementor-section-height-default elementor-section-height-default\" data-id=\"5c869d4\" data-element_type=\"section\" data-e-type=\"section\" data-settings=\"{&quot;_ha_eqh_enable&quot;:false}\">\n\t\t\t\t\t\t<div class=\"elementor-container elementor-column-gap-default\">\n\t\t\t\t\t<div class=\"elementor-column elementor-col-50 elementor-top-column elementor-element elementor-element-c86d44c\" data-id=\"c86d44c\" data-element_type=\"column\" data-e-type=\"column\">\n\t\t\t<div class=\"elementor-widget-wrap elementor-element-populated\">\n\t\t\t\t\t\t<div class=\"elementor-element elementor-element-069e24f elementor-widget elementor-widget-text-editor\" data-id=\"069e24f\" data-element_type=\"widget\" data-e-type=\"widget\" data-widget_type=\"text-editor.default\">\n\t\t\t\t<div class=\"elementor-widget-container\">\n\t\t\t\t\t\t\t\t\t<p><span style=\"font-weight: 400;\">La Soda Escolar representa un escenario fundamental en la determinaci\u00f3n de h\u00e1bitos alimentarios de las personas menores de edad, al contar con una alta disponibilidad de alimentos y bebidas que satisfacen las preferencias durante los tiempos de recreo y para centros educativos privados, tambi\u00e9n el tiempo de almuerzo. Se interviene en este escenario mediante la creaci\u00f3n de un modelo de Soda Escolar Saludable, que cumpla con las normas sanitarias para la venta de variedad de alimentos saludables, y que respete el Reglamento para el funcionamiento y administraci\u00f3n del servicio de soda en los centros educativos p\u00fablicos de Costa Rica.\u00a0\u00a0<\/span><\/p>\n<p>En el caso de los centros educativos p\u00fablicos, merece la pena subrayar que la oferta y caracter\u00edsticas de la alimentaci\u00f3n del Comedor Escolar, tiene como premisa brindar la alimentaci\u00f3n que las personas menores de edad requieren durante su estancia, garantizando el consumo de alimentos saludables en el horario lectivo. Por tal raz\u00f3n, no se considera necesario el ingreso de otros alimentos desde el hogar, las compras en la soda escolar o en las ventas dentro del centro educativo.<\/p>\n<p><!-- \/wp:paragraph --><!-- wp:paragraph --><\/p>\n<p>P\u00f3ngale Vida<span style=\"color: #4d5156; font-family: arial, sans-serif; font-size: 14px; font-weight: var( --e-global-typography-text-font-weight );\">\u00ae\u00a0<\/span><span style=\"font-family: var( --e-global-typography-text-font-family ), Sans-serif; font-weight: var( --e-global-typography-text-font-weight ); font-size: 1rem;\">cuenta con afiches y habladores que promocionan la alimentaci\u00f3n saludable en los centros educativos.<\/span><\/p>\t\t\t\t\t\t\t\t<\/div>\n\t\t\t\t<\/div>\n\t\t\t\t\t<\/div>\n\t\t<\/div>\n\t\t\t\t<div class=\"elementor-column elementor-col-50 elementor-top-column elementor-element elementor-element-fe04b31\" data-id=\"fe04b31\" data-element_type=\"column\" data-e-type=\"column\">\n\t\t\t<div class=\"elementor-widget-wrap elementor-element-populated\">\n\t\t\t\t\t\t<div class=\"elementor-element elementor-element-0569d1b elementor-widget__width-initial elementor-widget elementor-widget-image\" data-id=\"0569d1b\" data-element_type=\"widget\" data-e-type=\"widget\" data-widget_type=\"image.default\">\n\t\t\t\t<div class=\"elementor-widget-container\">\n\t\t\t\t\t\t\t\t\t\t\t\t\t\t\t<img fetchpriority=\"high\" decoding=\"async\" width=\"819\" height=\"491\" src=\"https:\/\/pongalevida.ucr.ac.cr\/wp-content\/uploads\/2023\/06\/Foto-para-seccion-soda-escolar-1024x614.jpg\" class=\"attachment-large size-large wp-image-2788\" alt=\"\" srcset=\"https:\/\/pongalevida.ucr.ac.cr\/wp-content\/uploads\/2023\/06\/Foto-para-seccion-soda-escolar-1024x614.jpg 1024w, https:\/\/pongalevida.ucr.ac.cr\/wp-content\/uploads\/2023\/06\/Foto-para-seccion-soda-escolar-300x180.jpg 300w, https:\/\/pongalevida.ucr.ac.cr\/wp-content\/uploads\/2023\/06\/Foto-para-seccion-soda-escolar-768x461.jpg 768w, https:\/\/pongalevida.ucr.ac.cr\/wp-content\/uploads\/2023\/06\/Foto-para-seccion-soda-escolar-1536x922.jpg 1536w, https:\/\/pongalevida.ucr.ac.cr\/wp-content\/uploads\/2023\/06\/Foto-para-seccion-soda-escolar-2048x1229.jpg 2048w\" sizes=\"(max-width: 819px) 100vw, 819px\" \/>\t\t\t\t\t\t\t\t\t\t\t\t\t\t\t<\/div>\n\t\t\t\t<\/div>\n\t\t\t\t\t<\/div>\n\t\t<\/div>\n\t\t\t\t\t<\/div>\n\t\t<\/section>\n\t\t\t\t<section class=\"elementor-section elementor-top-section elementor-element elementor-element-31de472 elementor-section-boxed elementor-section-height-default elementor-section-height-default\" data-id=\"31de472\" data-element_type=\"section\" data-e-type=\"section\" data-settings=\"{&quot;_ha_eqh_enable&quot;:false}\">\n\t\t\t\t\t\t<div class=\"elementor-container elementor-column-gap-default\">\n\t\t\t\t\t<div class=\"elementor-column elementor-col-100 elementor-top-column elementor-element elementor-element-7dec005\" data-id=\"7dec005\" data-element_type=\"column\" data-e-type=\"column\">\n\t\t\t<div class=\"elementor-widget-wrap elementor-element-populated\">\n\t\t\t\t\t\t<div class=\"elementor-element elementor-element-d50a287 ha-has-bg-overlay elementor-widget elementor-widget-spacer\" data-id=\"d50a287\" data-element_type=\"widget\" data-e-type=\"widget\" data-widget_type=\"spacer.default\">\n\t\t\t\t<div class=\"elementor-widget-container\">\n\t\t\t\t\t\t\t<div class=\"elementor-spacer\">\n\t\t\t<div class=\"elementor-spacer-inner\"><\/div>\n\t\t<\/div>\n\t\t\t\t\t\t<\/div>\n\t\t\t\t<\/div>\n\t\t\t\t\t<\/div>\n\t\t<\/div>\n\t\t\t\t\t<\/div>\n\t\t<\/section>\n\t\t\t\t<\/div>\n\t\t","protected":false},"excerpt":{"rendered":"<p>La Soda Escolar representa un escenario fundamental en la determinaci\u00f3n de h\u00e1bitos alimentarios de las personas menores de edad, al contar con una alta disponibilidad&hellip;<\/p>\n","protected":false},"author":5,"featured_media":0,"parent":0,"menu_order":0,"comment_status":"closed","ping_status":"closed","template":"","meta":{"_regular_price":[],"currency_symbol":[],"footnotes":""},"class_list":["post-507","page","type-page","status-publish","hentry"],"post_slider_layout_featured_media_urls":{"thumbnail":"","post_slider_layout_landscape_large":"","post_slider_layout_portrait_large":"","post_slider_layout_square_large":"","post_slider_layout_landscape":"","post_slider_layout_portrait":"","post_slider_layout_square":"","full":""},"_links":{"self":[{"href":"https:\/\/pongalevida.ucr.ac.cr\/index.php\/wp-json\/wp\/v2\/pages\/507","targetHints":{"allow":["GET"]}}],"collection":[{"href":"https:\/\/pongalevida.ucr.ac.cr\/index.php\/wp-json\/wp\/v2\/pages"}],"about":[{"href":"https:\/\/pongalevida.ucr.ac.cr\/index.php\/wp-json\/wp\/v2\/types\/page"}],"author":[{"embeddable":true,"href":"https:\/\/pongalevida.ucr.ac.cr\/index.php\/wp-json\/wp\/v2\/users\/5"}],"replies":[{"embeddable":true,"href":"https:\/\/pongalevida.ucr.ac.cr\/index.php\/wp-json\/wp\/v2\/comments?post=507"}],"version-history":[{"count":20,"href":"https:\/\/pongalevida.ucr.ac.cr\/index.php\/wp-json\/wp\/v2\/pages\/507\/revisions"}],"predecessor-version":[{"id":3531,"href":"https:\/\/pongalevida.ucr.ac.cr\/index.php\/wp-json\/wp\/v2\/pages\/507\/revisions\/3531"}],"wp:attachment":[{"href":"https:\/\/pongalevida.ucr.ac.cr\/index.php\/wp-json\/wp\/v2\/media?parent=507"}],"curies":[{"name":"wp","href":"https:\/\/api.w.org\/{rel}","templated":true}]}}