{"id":466,"date":"2022-12-04T22:09:50","date_gmt":"2022-12-04T22:09:50","guid":{"rendered":"https:\/\/pongalevida.ucr.ac.cr\/?page_id=466"},"modified":"2023-06-21T15:21:59","modified_gmt":"2023-06-21T15:21:59","slug":"historia","status":"publish","type":"page","link":"https:\/\/pongalevida.ucr.ac.cr\/index.php\/historia\/","title":{"rendered":"Historia"},"content":{"rendered":"\t\t<div data-elementor-type=\"wp-page\" data-elementor-id=\"466\" class=\"elementor elementor-466\" data-elementor-settings=\"{&quot;ha_cmc_init_switcher&quot;:&quot;no&quot;}\">\n\t\t\t\t\t\t<section class=\"elementor-section elementor-top-section elementor-element elementor-element-6dbeba8 elementor-section-boxed elementor-section-height-default elementor-section-height-default\" data-id=\"6dbeba8\" data-element_type=\"section\" data-e-type=\"section\" data-settings=\"{&quot;_ha_eqh_enable&quot;:false}\">\n\t\t\t\t\t\t<div class=\"elementor-container elementor-column-gap-default\">\n\t\t\t\t\t<div class=\"elementor-column elementor-col-66 elementor-top-column elementor-element elementor-element-1505b8b\" data-id=\"1505b8b\" data-element_type=\"column\" data-e-type=\"column\">\n\t\t\t<div class=\"elementor-widget-wrap elementor-element-populated\">\n\t\t\t\t\t\t<div class=\"elementor-element elementor-element-12ae33b elementor-widget elementor-widget-text-editor\" data-id=\"12ae33b\" data-element_type=\"widget\" data-e-type=\"widget\" data-widget_type=\"text-editor.default\">\n\t\t\t\t<div class=\"elementor-widget-container\">\n\t\t\t\t\t\t\t\t\t<p>El proceso de construcci\u00f3n del <a href=\"https:\/\/pongalevida.ucr.ac.cr\/index.php\/modelo\/\">Modelo\u00a0P\u00f3ngale Vida\u24c7<\/a>\u00a0 dio inicio en el a\u00f1o 2004, cuando la <a href=\"https:\/\/www.iaea.org\/es\">Agencia Internacional de Energ\u00eda At\u00f3mica<\/a>, desarroll\u00f3 un proyecto donde vincul\u00f3 a 13 pa\u00edses incluida Costa Rica. Este proyecto se cuestionaba si la elevada prevalencia de la obesidad en Latinoam\u00e9rica, estaba relacionada con el achicamiento de la poblaci\u00f3n. Finalmente, se concluy\u00f3 que era necesario el dise\u00f1o de intervenciones culturalmente apropiadas para abordar el problema del exceso de peso.\u00a0<\/p>\t\t\t\t\t\t\t\t<\/div>\n\t\t\t\t<\/div>\n\t\t\t\t\t<\/div>\n\t\t<\/div>\n\t\t\t\t<div class=\"elementor-column elementor-col-33 elementor-top-column elementor-element elementor-element-82c6b8a\" data-id=\"82c6b8a\" data-element_type=\"column\" data-e-type=\"column\">\n\t\t\t<div class=\"elementor-widget-wrap elementor-element-populated\">\n\t\t\t\t\t\t<div class=\"elementor-element elementor-element-92e4772 elementor-widget elementor-widget-image\" data-id=\"92e4772\" data-element_type=\"widget\" data-e-type=\"widget\" data-widget_type=\"image.default\">\n\t\t\t\t<div class=\"elementor-widget-container\">\n\t\t\t\t\t\t\t\t\t\t\t\t\t\t\t<img decoding=\"async\" width=\"150\" height=\"150\" src=\"https:\/\/pongalevida.ucr.ac.cr\/wp-content\/uploads\/2023\/05\/logo_iaea-150x150.png\" class=\"attachment-thumbnail size-thumbnail wp-image-1985\" alt=\"Organismo Internacional de Energ\u00eda At\u00f3mica\" srcset=\"https:\/\/pongalevida.ucr.ac.cr\/wp-content\/uploads\/2023\/05\/logo_iaea-150x150.png 150w, https:\/\/pongalevida.ucr.ac.cr\/wp-content\/uploads\/2023\/05\/logo_iaea.png 285w\" sizes=\"(max-width: 150px) 100vw, 150px\" \/>\t\t\t\t\t\t\t\t\t\t\t\t\t\t\t<\/div>\n\t\t\t\t<\/div>\n\t\t\t\t\t<\/div>\n\t\t<\/div>\n\t\t\t\t\t<\/div>\n\t\t<\/section>\n\t\t\t\t<section class=\"elementor-section elementor-top-section elementor-element elementor-element-62283e7 elementor-section-boxed elementor-section-height-default elementor-section-height-default\" data-id=\"62283e7\" data-element_type=\"section\" data-e-type=\"section\" data-settings=\"{&quot;_ha_eqh_enable&quot;:false}\">\n\t\t\t\t\t\t<div class=\"elementor-container elementor-column-gap-default\">\n\t\t\t\t\t<div class=\"elementor-column elementor-col-33 elementor-top-column elementor-element elementor-element-b73e970\" data-id=\"b73e970\" data-element_type=\"column\" data-e-type=\"column\">\n\t\t\t<div class=\"elementor-widget-wrap elementor-element-populated\">\n\t\t\t\t\t\t<div class=\"elementor-element elementor-element-802d6fc e-transform elementor-widget elementor-widget-image\" data-id=\"802d6fc\" data-element_type=\"widget\" data-e-type=\"widget\" data-settings=\"{&quot;_transform_scale_effect&quot;:{&quot;unit&quot;:&quot;px&quot;,&quot;size&quot;:&quot;&quot;,&quot;sizes&quot;:[]},&quot;_transform_scale_effect_tablet&quot;:{&quot;unit&quot;:&quot;px&quot;,&quot;size&quot;:&quot;&quot;,&quot;sizes&quot;:[]},&quot;_transform_scale_effect_mobile&quot;:{&quot;unit&quot;:&quot;px&quot;,&quot;size&quot;:&quot;&quot;,&quot;sizes&quot;:[]}}\" data-widget_type=\"image.default\">\n\t\t\t\t<div class=\"elementor-widget-container\">\n\t\t\t\t\t\t\t\t\t\t\t\t\t\t\t<img fetchpriority=\"high\" decoding=\"async\" width=\"300\" height=\"300\" src=\"https:\/\/pongalevida.ucr.ac.cr\/wp-content\/uploads\/2023\/01\/Circulo-1-300x300.png\" class=\"attachment-medium size-medium wp-image-605\" alt=\"Modelo P\u00f3ngale Vida\" srcset=\"https:\/\/pongalevida.ucr.ac.cr\/wp-content\/uploads\/2023\/01\/Circulo-1-300x300.png 300w, https:\/\/pongalevida.ucr.ac.cr\/wp-content\/uploads\/2023\/01\/Circulo-1-1024x1024.png 1024w, https:\/\/pongalevida.ucr.ac.cr\/wp-content\/uploads\/2023\/01\/Circulo-1-150x150.png 150w, https:\/\/pongalevida.ucr.ac.cr\/wp-content\/uploads\/2023\/01\/Circulo-1-768x768.png 768w, https:\/\/pongalevida.ucr.ac.cr\/wp-content\/uploads\/2023\/01\/Circulo-1-1536x1536.png 1536w, https:\/\/pongalevida.ucr.ac.cr\/wp-content\/uploads\/2023\/01\/Circulo-1-1200x1200.png 1200w, https:\/\/pongalevida.ucr.ac.cr\/wp-content\/uploads\/2023\/01\/Circulo-1-600x600.png 600w, https:\/\/pongalevida.ucr.ac.cr\/wp-content\/uploads\/2023\/01\/Circulo-1.png 1920w\" sizes=\"(max-width: 300px) 100vw, 300px\" \/>\t\t\t\t\t\t\t\t\t\t\t\t\t\t\t<\/div>\n\t\t\t\t<\/div>\n\t\t\t\t\t<\/div>\n\t\t<\/div>\n\t\t\t\t<div class=\"elementor-column elementor-col-66 elementor-top-column elementor-element elementor-element-6b78e71\" data-id=\"6b78e71\" data-element_type=\"column\" data-e-type=\"column\">\n\t\t\t<div class=\"elementor-widget-wrap elementor-element-populated\">\n\t\t\t\t\t\t<div class=\"elementor-element elementor-element-8af2eb6 elementor-widget elementor-widget-text-editor\" data-id=\"8af2eb6\" data-element_type=\"widget\" data-e-type=\"widget\" data-widget_type=\"text-editor.default\">\n\t\t\t\t<div class=\"elementor-widget-container\">\n\t\t\t\t\t\t\t\t\t<p>Si bien Guatemala, Chile y Costa Rica, fueron los tres pa\u00edses que participaron en la etapa de dise\u00f1o; fue necesario el consenso de los 13 pa\u00edses y de expertos de la Agencia Internacional de Energ\u00eda At\u00f3mica, para la validaci\u00f3n de los m\u00e9todos y modelos. Finalmente,\u00a0 se concluye que el Modelo Ecol\u00f3gico de Bromfrenbrenner\u00a0\u00a0y el Modelo Transte\u00f3rico del Comportamiento en Salud, eran los m\u00e1s indicados para dise\u00f1ar las intervenciones, dado que explicaban mejor el comportamiento de las variables que incid\u00edan en la alimentaci\u00f3n y la actividad f\u00edsica, as\u00ed como en los principales factores asociados al incremento en la prevalencia de la obesidad infantil. Fue justo en ese momento que comenz\u00f3 el proceso de dise\u00f1o del <a href=\"https:\/\/pongalevida.ucr.ac.cr\/index.php\/modelo\/\">Modelo P\u00f3ngale Vida\u24c7<\/a> bajo la coordinaci\u00f3n de la profesora PhD. Xinia Fern\u00e1ndez Rojas de la <a href=\"https:\/\/www.nutricion.ucr.ac.cr\/index.php\/es\/\">Escuela de Nutrici\u00f3n de la Universidad de Costa Rica.<\/a><\/p>\t\t\t\t\t\t\t\t<\/div>\n\t\t\t\t<\/div>\n\t\t\t\t\t<\/div>\n\t\t<\/div>\n\t\t\t\t\t<\/div>\n\t\t<\/section>\n\t\t\t\t<section class=\"elementor-section elementor-top-section elementor-element elementor-element-b80469e elementor-section-boxed elementor-section-height-default elementor-section-height-default\" data-id=\"b80469e\" data-element_type=\"section\" data-e-type=\"section\" data-settings=\"{&quot;_ha_eqh_enable&quot;:false}\">\n\t\t\t\t\t\t<div class=\"elementor-container elementor-column-gap-default\">\n\t\t\t\t\t<div class=\"elementor-column elementor-col-100 elementor-top-column elementor-element elementor-element-a6dc899\" data-id=\"a6dc899\" data-element_type=\"column\" data-e-type=\"column\">\n\t\t\t<div class=\"elementor-widget-wrap elementor-element-populated\">\n\t\t\t\t\t\t<div class=\"elementor-element elementor-element-193f6d7 elementor-widget elementor-widget-text-editor\" data-id=\"193f6d7\" data-element_type=\"widget\" data-e-type=\"widget\" data-widget_type=\"text-editor.default\">\n\t\t\t\t<div class=\"elementor-widget-container\">\n\t\t\t\t\t\t\t\t\t<p>Este proceso de construcci\u00f3n transcurri\u00f3 desde el a\u00f1o 2004 hasta el 2008. Contempl\u00f3 la consulta a los actores en el entorno escolar mediante talleres de an\u00e1lisis del plan de estudios con docentes de primer y segundo ciclo de la educaci\u00f3n primaria. Empez\u00f3 con la materia llamada \u201cEducaci\u00f3n para el Hogar\u201d, para identificar los puntos en el curr\u00edculum que tocaban temas de nutrici\u00f3n y actividad f\u00edsica; y adem\u00e1s, para conocer el funcionamiento interno del sistema educativo costarricense y los posibles espacios para la inserci\u00f3n en la que se estaba trabajando.\u00a0<\/p><p>Se determin\u00f3 que el\u00a0<a href=\"https:\/\/pongalevida.ucr.ac.cr\/index.php\/modelo\/\">Modelo P\u00f3ngale Vida\u24c7<\/a>\u00a0deb\u00eda ser transversal al curr\u00edculum vigente, de forma que facilitara el trabajo diario de la persona docente y que no le generara trabajo adicional. Por tales razones se vincul\u00f3 a los objetivos curriculares de las diferentes materias de los planes de estudio.<\/p><p>La construcci\u00f3n de P\u00f3ngale Vida\u24c7 y sus estrategias parti\u00f3 de tres aspectos contribuyentes a la obesidad infantil observados tanto en la poblaci\u00f3n escolar, como en la poblaci\u00f3n costarricense en general, a saber:\u00a0<\/p>\t\t\t\t\t\t\t\t<\/div>\n\t\t\t\t<\/div>\n\t\t\t\t\t<\/div>\n\t\t<\/div>\n\t\t\t\t\t<\/div>\n\t\t<\/section>\n\t\t\t\t<section class=\"elementor-section elementor-top-section elementor-element elementor-element-fde6044 elementor-section-boxed elementor-section-height-default elementor-section-height-default\" data-id=\"fde6044\" data-element_type=\"section\" data-e-type=\"section\" data-settings=\"{&quot;_ha_eqh_enable&quot;:false}\">\n\t\t\t\t\t\t<div class=\"elementor-container elementor-column-gap-default\">\n\t\t\t\t\t<div class=\"elementor-column elementor-col-33 elementor-top-column elementor-element elementor-element-1ba5bdf\" data-id=\"1ba5bdf\" data-element_type=\"column\" data-e-type=\"column\">\n\t\t\t<div class=\"elementor-widget-wrap elementor-element-populated\">\n\t\t\t\t\t\t<div class=\"elementor-element elementor-element-ef1f8fe elementor-position-top elementor-widget elementor-widget-image-box\" data-id=\"ef1f8fe\" data-element_type=\"widget\" data-e-type=\"widget\" data-widget_type=\"image-box.default\">\n\t\t\t\t<div class=\"elementor-widget-container\">\n\t\t\t\t\t<div class=\"elementor-image-box-wrapper\"><figure class=\"elementor-image-box-img\"><img decoding=\"async\" width=\"285\" height=\"285\" src=\"https:\/\/pongalevida.ucr.ac.cr\/wp-content\/uploads\/2023\/05\/Mesa-de-trabajo-2.png\" class=\"attachment-full size-full wp-image-1987\" alt=\"Alimentos\" srcset=\"https:\/\/pongalevida.ucr.ac.cr\/wp-content\/uploads\/2023\/05\/Mesa-de-trabajo-2.png 285w, https:\/\/pongalevida.ucr.ac.cr\/wp-content\/uploads\/2023\/05\/Mesa-de-trabajo-2-150x150.png 150w\" sizes=\"(max-width: 285px) 100vw, 285px\" \/><\/figure><div class=\"elementor-image-box-content\"><p class=\"elementor-image-box-description\">Alto consumo de alimentos fuente de carbohidratos<\/p><\/div><\/div>\t\t\t\t<\/div>\n\t\t\t\t<\/div>\n\t\t\t\t\t<\/div>\n\t\t<\/div>\n\t\t\t\t<div class=\"elementor-column elementor-col-33 elementor-top-column elementor-element elementor-element-881d42e\" data-id=\"881d42e\" data-element_type=\"column\" data-e-type=\"column\">\n\t\t\t<div class=\"elementor-widget-wrap elementor-element-populated\">\n\t\t\t\t\t\t<div class=\"elementor-element elementor-element-4a00c57 elementor-position-top elementor-widget elementor-widget-image-box\" data-id=\"4a00c57\" data-element_type=\"widget\" data-e-type=\"widget\" data-widget_type=\"image-box.default\">\n\t\t\t\t<div class=\"elementor-widget-container\">\n\t\t\t\t\t<div class=\"elementor-image-box-wrapper\"><figure class=\"elementor-image-box-img\"><img loading=\"lazy\" decoding=\"async\" width=\"285\" height=\"285\" src=\"https:\/\/pongalevida.ucr.ac.cr\/wp-content\/uploads\/2023\/05\/Mesa-de-trabajo-3.png\" class=\"attachment-full size-full wp-image-1988\" alt=\"Actividad f\u00edsica\" srcset=\"https:\/\/pongalevida.ucr.ac.cr\/wp-content\/uploads\/2023\/05\/Mesa-de-trabajo-3.png 285w, https:\/\/pongalevida.ucr.ac.cr\/wp-content\/uploads\/2023\/05\/Mesa-de-trabajo-3-150x150.png 150w\" sizes=\"(max-width: 285px) 100vw, 285px\" \/><\/figure><div class=\"elementor-image-box-content\"><p class=\"elementor-image-box-description\">Falta de actividad f\u00edsica por factores tales como: escasez de \u00e1reas recreativas, inseguridad ciudadana y apego a la tecnolog\u00eda<\/p><\/div><\/div>\t\t\t\t<\/div>\n\t\t\t\t<\/div>\n\t\t\t\t\t<\/div>\n\t\t<\/div>\n\t\t\t\t<div class=\"elementor-column elementor-col-33 elementor-top-column elementor-element elementor-element-decabc6\" data-id=\"decabc6\" data-element_type=\"column\" data-e-type=\"column\">\n\t\t\t<div class=\"elementor-widget-wrap elementor-element-populated\">\n\t\t\t\t\t\t<div class=\"elementor-element elementor-element-5346819 elementor-position-top elementor-widget elementor-widget-image-box\" data-id=\"5346819\" data-element_type=\"widget\" data-e-type=\"widget\" data-widget_type=\"image-box.default\">\n\t\t\t\t<div class=\"elementor-widget-container\">\n\t\t\t\t\t<div class=\"elementor-image-box-wrapper\"><figure class=\"elementor-image-box-img\"><img loading=\"lazy\" decoding=\"async\" width=\"285\" height=\"285\" src=\"https:\/\/pongalevida.ucr.ac.cr\/wp-content\/uploads\/2023\/05\/Mesa-de-trabajo-4.png\" class=\"attachment-full size-full wp-image-1989\" alt=\"Pobreza\" srcset=\"https:\/\/pongalevida.ucr.ac.cr\/wp-content\/uploads\/2023\/05\/Mesa-de-trabajo-4.png 285w, https:\/\/pongalevida.ucr.ac.cr\/wp-content\/uploads\/2023\/05\/Mesa-de-trabajo-4-150x150.png 150w\" sizes=\"(max-width: 285px) 100vw, 285px\" \/><\/figure><div class=\"elementor-image-box-content\"><p class=\"elementor-image-box-description\">La pobreza, ya que facilita la elecci\u00f3n de productos alimenticios de bajo precio con una alta densidad energ\u00e9tica<\/p><\/div><\/div>\t\t\t\t<\/div>\n\t\t\t\t<\/div>\n\t\t\t\t\t<\/div>\n\t\t<\/div>\n\t\t\t\t\t<\/div>\n\t\t<\/section>\n\t\t\t\t<section class=\"elementor-section elementor-top-section elementor-element elementor-element-973426b elementor-section-boxed elementor-section-height-default elementor-section-height-default\" data-id=\"973426b\" data-element_type=\"section\" data-e-type=\"section\" data-settings=\"{&quot;_ha_eqh_enable&quot;:false}\">\n\t\t\t\t\t\t<div class=\"elementor-container elementor-column-gap-default\">\n\t\t\t\t\t<div class=\"elementor-column elementor-col-50 elementor-top-column elementor-element elementor-element-8e89671\" data-id=\"8e89671\" data-element_type=\"column\" data-e-type=\"column\">\n\t\t\t<div class=\"elementor-widget-wrap elementor-element-populated\">\n\t\t\t\t\t\t<div class=\"elementor-element elementor-element-4ddf9c2 elementor-widget elementor-widget-text-editor\" data-id=\"4ddf9c2\" data-element_type=\"widget\" data-e-type=\"widget\" data-widget_type=\"text-editor.default\">\n\t\t\t\t<div class=\"elementor-widget-container\">\n\t\t\t\t\t\t\t\t\t<p>En el a\u00f1o 2009 comenz\u00f3 la etapa implementaci\u00f3n de P\u00f3ngale Vida\u24c7, con los ni\u00f1os\u00a0 y las ni\u00f1as preescolares y escolares del cant\u00f3n de La Uni\u00f3n de Cartago, y se trabaj\u00f3 en ese lugar hasta el a\u00f1o 2011. Posteriormente, se trabaj\u00f3 en Turrialba (2012 y 2014), en Los Santos (2012) y desde 2014 hasta 2017, P\u00f3ngale Vida\u24c7 estuvo presente en el cant\u00f3n de Santo Domingo de Heredia, trabajando con tres centros educativos.<\/p><p>Importante mencionar que a inicios del a\u00f1o 2014, la marca <a href=\"https:\/\/pongalevida.ucr.ac.cr\/index.php\/quienes-somos\/\">P\u00f3ngale Vida\u24c7<\/a> se registr\u00f3 como marca UCR, mediante la Unidad de Gesti\u00f3n y Transferencia del Conocimiento para la Innovaci\u00f3n <a href=\"https:\/\/www.proinnova.ucr.ac.cr\/\">(PROINNOVA)<\/a>, lo que permiti\u00f3 ofrecer m\u00e1s posicionamiento y estructura del Modelo.\u00a0<\/p><p>Inicialmente <a href=\"https:\/\/pongalevida.ucr.ac.cr\/index.php\/quienes-somos\/\">P\u00f3ngale Vida\u24c7<\/a> se dise\u00f1\u00f3 para el escenario educativo, familiar y comunitario, pero con el transcurrir de los a\u00f1os tambi\u00e9n se incluy\u00f3 un Modelo de Intervenci\u00f3n para Docentes, el cual se implement\u00f3 y evalu\u00f3 en el a\u00f1o 2016.<\/p>\t\t\t\t\t\t\t\t<\/div>\n\t\t\t\t<\/div>\n\t\t\t\t\t<\/div>\n\t\t<\/div>\n\t\t\t\t<div class=\"elementor-column elementor-col-50 elementor-top-column elementor-element elementor-element-d969feb\" data-id=\"d969feb\" data-element_type=\"column\" data-e-type=\"column\">\n\t\t\t<div class=\"elementor-widget-wrap elementor-element-populated\">\n\t\t\t\t\t\t<div class=\"elementor-element elementor-element-0de29de elementor-widget elementor-widget-image\" data-id=\"0de29de\" data-element_type=\"widget\" data-e-type=\"widget\" data-widget_type=\"image.default\">\n\t\t\t\t<div class=\"elementor-widget-container\">\n\t\t\t\t\t\t\t\t\t\t\t\t\t\t\t<img loading=\"lazy\" decoding=\"async\" width=\"819\" height=\"614\" src=\"https:\/\/pongalevida.ucr.ac.cr\/wp-content\/uploads\/2023\/06\/Fotografia-grande-en-historia-equipo-naranja-1024x768.jpg\" class=\"attachment-large size-large wp-image-2674\" alt=\"\" srcset=\"https:\/\/pongalevida.ucr.ac.cr\/wp-content\/uploads\/2023\/06\/Fotografia-grande-en-historia-equipo-naranja-1024x768.jpg 1024w, https:\/\/pongalevida.ucr.ac.cr\/wp-content\/uploads\/2023\/06\/Fotografia-grande-en-historia-equipo-naranja-300x225.jpg 300w, https:\/\/pongalevida.ucr.ac.cr\/wp-content\/uploads\/2023\/06\/Fotografia-grande-en-historia-equipo-naranja-768x576.jpg 768w, https:\/\/pongalevida.ucr.ac.cr\/wp-content\/uploads\/2023\/06\/Fotografia-grande-en-historia-equipo-naranja-1536x1152.jpg 1536w, https:\/\/pongalevida.ucr.ac.cr\/wp-content\/uploads\/2023\/06\/Fotografia-grande-en-historia-equipo-naranja-2048x1536.jpg 2048w\" sizes=\"(max-width: 819px) 100vw, 819px\" \/>\t\t\t\t\t\t\t\t\t\t\t\t\t\t\t<\/div>\n\t\t\t\t<\/div>\n\t\t\t\t\t<\/div>\n\t\t<\/div>\n\t\t\t\t\t<\/div>\n\t\t<\/section>\n\t\t\t\t<section class=\"elementor-section elementor-top-section elementor-element elementor-element-3ca0c08 elementor-section-boxed elementor-section-height-default elementor-section-height-default\" data-id=\"3ca0c08\" data-element_type=\"section\" data-e-type=\"section\" data-settings=\"{&quot;_ha_eqh_enable&quot;:false}\">\n\t\t\t\t\t\t<div class=\"elementor-container elementor-column-gap-default\">\n\t\t\t\t\t<div class=\"elementor-column elementor-col-33 elementor-top-column elementor-element elementor-element-c5a115e\" data-id=\"c5a115e\" data-element_type=\"column\" data-e-type=\"column\">\n\t\t\t<div class=\"elementor-widget-wrap elementor-element-populated\">\n\t\t\t\t\t\t<div class=\"elementor-element elementor-element-2cdf210 elementor-widget elementor-widget-image\" data-id=\"2cdf210\" data-element_type=\"widget\" data-e-type=\"widget\" data-widget_type=\"image.default\">\n\t\t\t\t<div class=\"elementor-widget-container\">\n\t\t\t\t\t\t\t\t\t\t\t\t\t\t\t<img loading=\"lazy\" decoding=\"async\" width=\"150\" height=\"150\" src=\"https:\/\/pongalevida.ucr.ac.cr\/wp-content\/uploads\/2023\/05\/Mesa-de-trabajo-5-150x150.png\" class=\"attachment-thumbnail size-thumbnail wp-image-1990\" alt=\"\" srcset=\"https:\/\/pongalevida.ucr.ac.cr\/wp-content\/uploads\/2023\/05\/Mesa-de-trabajo-5-150x150.png 150w, https:\/\/pongalevida.ucr.ac.cr\/wp-content\/uploads\/2023\/05\/Mesa-de-trabajo-5.png 285w\" sizes=\"(max-width: 150px) 100vw, 150px\" \/>\t\t\t\t\t\t\t\t\t\t\t\t\t\t\t<\/div>\n\t\t\t\t<\/div>\n\t\t\t\t\t<\/div>\n\t\t<\/div>\n\t\t\t\t<div class=\"elementor-column elementor-col-33 elementor-top-column elementor-element elementor-element-8265b87\" data-id=\"8265b87\" data-element_type=\"column\" data-e-type=\"column\">\n\t\t\t<div class=\"elementor-widget-wrap elementor-element-populated\">\n\t\t\t\t\t\t<div class=\"elementor-element elementor-element-a8b06de elementor-widget elementor-widget-text-editor\" data-id=\"a8b06de\" data-element_type=\"widget\" data-e-type=\"widget\" data-widget_type=\"text-editor.default\">\n\t\t\t\t<div class=\"elementor-widget-container\">\n\t\t\t\t\t\t\t\t\t<h4 style=\"text-align: center;\"><span style=\"color: #000080;\">A lo largo de 8 a\u00f1os u<\/span><span style=\"color: #000080;\">n total de 748 docentes fueron capacitados y 6540 estudiantes fueron evaluados\u00a0<\/span><\/h4>\t\t\t\t\t\t\t\t<\/div>\n\t\t\t\t<\/div>\n\t\t\t\t\t<\/div>\n\t\t<\/div>\n\t\t\t\t<div class=\"elementor-column elementor-col-33 elementor-top-column elementor-element elementor-element-7acc5f0\" data-id=\"7acc5f0\" data-element_type=\"column\" data-e-type=\"column\">\n\t\t\t<div class=\"elementor-widget-wrap elementor-element-populated\">\n\t\t\t\t\t\t<div class=\"elementor-element elementor-element-834ffd1 elementor-widget elementor-widget-image\" data-id=\"834ffd1\" data-element_type=\"widget\" data-e-type=\"widget\" data-widget_type=\"image.default\">\n\t\t\t\t<div class=\"elementor-widget-container\">\n\t\t\t\t\t\t\t\t\t\t\t\t\t\t\t<img loading=\"lazy\" decoding=\"async\" width=\"150\" height=\"150\" src=\"https:\/\/pongalevida.ucr.ac.cr\/wp-content\/uploads\/2023\/05\/Mesa-de-trabajo-6-150x150.png\" class=\"attachment-thumbnail size-thumbnail wp-image-1991\" alt=\"\" srcset=\"https:\/\/pongalevida.ucr.ac.cr\/wp-content\/uploads\/2023\/05\/Mesa-de-trabajo-6-150x150.png 150w, https:\/\/pongalevida.ucr.ac.cr\/wp-content\/uploads\/2023\/05\/Mesa-de-trabajo-6.png 285w\" sizes=\"(max-width: 150px) 100vw, 150px\" \/>\t\t\t\t\t\t\t\t\t\t\t\t\t\t\t<\/div>\n\t\t\t\t<\/div>\n\t\t\t\t\t<\/div>\n\t\t<\/div>\n\t\t\t\t\t<\/div>\n\t\t<\/section>\n\t\t\t\t<section class=\"elementor-section elementor-top-section elementor-element elementor-element-e315930 elementor-section-boxed elementor-section-height-default elementor-section-height-default\" data-id=\"e315930\" data-element_type=\"section\" data-e-type=\"section\" data-settings=\"{&quot;_ha_eqh_enable&quot;:false}\">\n\t\t\t\t\t\t<div class=\"elementor-container elementor-column-gap-default\">\n\t\t\t\t\t<div class=\"elementor-column elementor-col-100 elementor-top-column elementor-element elementor-element-aa16bfc\" data-id=\"aa16bfc\" data-element_type=\"column\" data-e-type=\"column\">\n\t\t\t<div class=\"elementor-widget-wrap elementor-element-populated\">\n\t\t\t\t\t\t<div class=\"elementor-element elementor-element-aabd460 elementor-widget elementor-widget-text-editor\" data-id=\"aabd460\" data-element_type=\"widget\" data-e-type=\"widget\" data-widget_type=\"text-editor.default\">\n\t\t\t\t<div class=\"elementor-widget-container\">\n\t\t\t\t\t\t\t\t\t<p>Aunque ya se hab\u00edan realizado algunos intentos, no es sino hasta el a\u00f1o 2022 que por medio del proyecto ED-3598 de la Vicerrector\u00eda de Acci\u00f3n Social de la UCR, se construye la p\u00e1gina web de\u00a0<a href=\"https:\/\/pongalevida.ucr.ac.cr\/index.php\/quienes-somos\/\">P\u00f3ngale Vida\u24c7<\/a>\u00a0y se inicia con la virtualizaci\u00f3n de los materiales educativos, con el objetivo de actualizar el Modelo.<\/p>\t\t\t\t\t\t\t\t<\/div>\n\t\t\t\t<\/div>\n\t\t\t\t\t<\/div>\n\t\t<\/div>\n\t\t\t\t\t<\/div>\n\t\t<\/section>\n\t\t\t\t<section class=\"elementor-section elementor-top-section elementor-element elementor-element-5b99954 elementor-section-boxed elementor-section-height-default elementor-section-height-default\" data-id=\"5b99954\" data-element_type=\"section\" data-e-type=\"section\" data-settings=\"{&quot;_ha_eqh_enable&quot;:false}\">\n\t\t\t\t\t\t<div class=\"elementor-container elementor-column-gap-default\">\n\t\t\t\t\t<div class=\"elementor-column elementor-col-100 elementor-top-column elementor-element elementor-element-6dc97e6\" data-id=\"6dc97e6\" data-element_type=\"column\" data-e-type=\"column\">\n\t\t\t<div class=\"elementor-widget-wrap elementor-element-populated\">\n\t\t\t\t\t\t<div class=\"elementor-element elementor-element-1d6c9c7 ha-has-bg-overlay elementor-widget elementor-widget-spacer\" data-id=\"1d6c9c7\" data-element_type=\"widget\" data-e-type=\"widget\" data-widget_type=\"spacer.default\">\n\t\t\t\t<div class=\"elementor-widget-container\">\n\t\t\t\t\t\t\t<div class=\"elementor-spacer\">\n\t\t\t<div class=\"elementor-spacer-inner\"><\/div>\n\t\t<\/div>\n\t\t\t\t\t\t<\/div>\n\t\t\t\t<\/div>\n\t\t\t\t\t<\/div>\n\t\t<\/div>\n\t\t\t\t\t<\/div>\n\t\t<\/section>\n\t\t\t\t<\/div>\n\t\t","protected":false},"excerpt":{"rendered":"<p>El proceso de construcci\u00f3n del Modelo\u00a0P\u00f3ngale Vida\u24c7\u00a0 dio inicio en el a\u00f1o 2004, cuando la Agencia Internacional de Energ\u00eda At\u00f3mica, desarroll\u00f3 un proyecto donde vincul\u00f3&hellip;<\/p>\n","protected":false},"author":5,"featured_media":0,"parent":0,"menu_order":0,"comment_status":"closed","ping_status":"closed","template":"","meta":{"_regular_price":[],"currency_symbol":[],"footnotes":""},"class_list":["post-466","page","type-page","status-publish","hentry"],"post_slider_layout_featured_media_urls":{"thumbnail":"","post_slider_layout_landscape_large":"","post_slider_layout_portrait_large":"","post_slider_layout_square_large":"","post_slider_layout_landscape":"","post_slider_layout_portrait":"","post_slider_layout_square":"","full":""},"_links":{"self":[{"href":"https:\/\/pongalevida.ucr.ac.cr\/index.php\/wp-json\/wp\/v2\/pages\/466","targetHints":{"allow":["GET"]}}],"collection":[{"href":"https:\/\/pongalevida.ucr.ac.cr\/index.php\/wp-json\/wp\/v2\/pages"}],"about":[{"href":"https:\/\/pongalevida.ucr.ac.cr\/index.php\/wp-json\/wp\/v2\/types\/page"}],"author":[{"embeddable":true,"href":"https:\/\/pongalevida.ucr.ac.cr\/index.php\/wp-json\/wp\/v2\/users\/5"}],"replies":[{"embeddable":true,"href":"https:\/\/pongalevida.ucr.ac.cr\/index.php\/wp-json\/wp\/v2\/comments?post=466"}],"version-history":[{"count":123,"href":"https:\/\/pongalevida.ucr.ac.cr\/index.php\/wp-json\/wp\/v2\/pages\/466\/revisions"}],"predecessor-version":[{"id":2760,"href":"https:\/\/pongalevida.ucr.ac.cr\/index.php\/wp-json\/wp\/v2\/pages\/466\/revisions\/2760"}],"wp:attachment":[{"href":"https:\/\/pongalevida.ucr.ac.cr\/index.php\/wp-json\/wp\/v2\/media?parent=466"}],"curies":[{"name":"wp","href":"https:\/\/api.w.org\/{rel}","templated":true}]}}