{"id":439,"date":"2022-11-20T21:49:55","date_gmt":"2022-11-20T21:49:55","guid":{"rendered":"https:\/\/pongalevida.ucr.ac.cr\/?page_id=439"},"modified":"2023-11-16T15:24:09","modified_gmt":"2023-11-16T15:24:09","slug":"escolar","status":"publish","type":"page","link":"https:\/\/pongalevida.ucr.ac.cr\/index.php\/escolar\/","title":{"rendered":"Escolar"},"content":{"rendered":"\t\t<div data-elementor-type=\"wp-page\" data-elementor-id=\"439\" class=\"elementor elementor-439\" data-elementor-settings=\"{&quot;ha_cmc_init_switcher&quot;:&quot;no&quot;}\">\n\t\t\t\t\t\t<section class=\"elementor-section elementor-top-section elementor-element elementor-element-ff4f892 elementor-section-boxed elementor-section-height-default elementor-section-height-default\" data-id=\"ff4f892\" data-element_type=\"section\" data-e-type=\"section\" data-settings=\"{&quot;_ha_eqh_enable&quot;:false}\">\n\t\t\t\t\t\t<div class=\"elementor-container elementor-column-gap-default\">\n\t\t\t\t\t<div class=\"elementor-column elementor-col-50 elementor-top-column elementor-element elementor-element-47a249d\" data-id=\"47a249d\" data-element_type=\"column\" data-e-type=\"column\">\n\t\t\t<div class=\"elementor-widget-wrap elementor-element-populated\">\n\t\t\t\t\t\t<div class=\"elementor-element elementor-element-d11cead elementor-widget elementor-widget-text-editor\" data-id=\"d11cead\" data-element_type=\"widget\" data-e-type=\"widget\" data-widget_type=\"text-editor.default\">\n\t\t\t\t<div class=\"elementor-widget-container\">\n\t\t\t\t\t\t\t\t\t<p><a href=\"https:\/\/pongalevida.ucr.ac.cr\/index.php\/quienes-somos\/\" target=\"_blank\" rel=\"noopener\">P\u00f3ngale Vida\u24c7<\/a> ha desarrollado para el nivel de primer y segundo ciclo de la educaci\u00f3n primaria, actividades y recursos que favorecen una alimentaci\u00f3n saludable y la actividad f\u00edsica. Estas\u00a0actividades y recursos toman en cuenta los objetivos curriculares, para que puedan ser utilizados en las materias b\u00e1sicas. Es importante anotar que, aunque se indican sugerencias de uso, de ninguna manera deben restringir la libertad de las personas docentes en cuanto su empleo de forma creativa.<\/p>\n<p><a href=\"https:\/\/pongalevida.ucr.ac.cr\/index.php\/quienes-somos\/\" target=\"_blank\" rel=\"noopener\">P\u00f3ngale Vida\u24c7<\/a> dise\u00f1\u00f3 tanto recursos de apoyo did\u00e1cticos como recursos did\u00e1cticos complementarios, los cuales est\u00e1n agrupados por ciclo y cada uno indica el nivel para el que fue desarrollado, a saber: primer, segundo o tercer grado; para el primer ciclo; y cuarto, quinto y sexto, para el segundo ciclo. Los recursos de apoyo did\u00e1ctico, se agruparon por asignatura: Espa\u00f1ol, Ciencias, Matem\u00e1ticas y Estudios Sociales, para ambos ciclos; tanto en presentaciones de Hojas de Trabajo, como de Din\u00e1micas.<\/p>\t\t\t\t\t\t\t\t<\/div>\n\t\t\t\t<\/div>\n\t\t\t\t\t<\/div>\n\t\t<\/div>\n\t\t\t\t<div class=\"elementor-column elementor-col-50 elementor-top-column elementor-element elementor-element-ed24860\" data-id=\"ed24860\" data-element_type=\"column\" data-e-type=\"column\">\n\t\t\t<div class=\"elementor-widget-wrap elementor-element-populated\">\n\t\t\t\t\t\t<div class=\"elementor-element elementor-element-77fe7c2 elementor-widget elementor-widget-image\" data-id=\"77fe7c2\" data-element_type=\"widget\" data-e-type=\"widget\" data-widget_type=\"image.default\">\n\t\t\t\t<div class=\"elementor-widget-container\">\n\t\t\t\t\t\t\t\t\t\t\t\t\t\t\t<img fetchpriority=\"high\" decoding=\"async\" width=\"819\" height=\"614\" src=\"https:\/\/pongalevida.ucr.ac.cr\/wp-content\/uploads\/2023\/06\/Sembrando-1024x768.jpg\" class=\"attachment-large size-large wp-image-2590\" alt=\"\" srcset=\"https:\/\/pongalevida.ucr.ac.cr\/wp-content\/uploads\/2023\/06\/Sembrando-1024x768.jpg 1024w, https:\/\/pongalevida.ucr.ac.cr\/wp-content\/uploads\/2023\/06\/Sembrando-300x225.jpg 300w, https:\/\/pongalevida.ucr.ac.cr\/wp-content\/uploads\/2023\/06\/Sembrando-768x576.jpg 768w, https:\/\/pongalevida.ucr.ac.cr\/wp-content\/uploads\/2023\/06\/Sembrando-1536x1152.jpg 1536w, https:\/\/pongalevida.ucr.ac.cr\/wp-content\/uploads\/2023\/06\/Sembrando.jpg 2048w\" sizes=\"(max-width: 819px) 100vw, 819px\" \/>\t\t\t\t\t\t\t\t\t\t\t\t\t\t\t<\/div>\n\t\t\t\t<\/div>\n\t\t\t\t\t<\/div>\n\t\t<\/div>\n\t\t\t\t\t<\/div>\n\t\t<\/section>\n\t\t\t\t<section class=\"elementor-section elementor-top-section elementor-element elementor-element-0334cd8 elementor-section-boxed elementor-section-height-default elementor-section-height-default\" data-id=\"0334cd8\" data-element_type=\"section\" data-e-type=\"section\" data-settings=\"{&quot;_ha_eqh_enable&quot;:false}\">\n\t\t\t\t\t\t<div class=\"elementor-container elementor-column-gap-default\">\n\t\t\t\t\t<div class=\"elementor-column elementor-col-100 elementor-top-column elementor-element elementor-element-7a0bd61\" data-id=\"7a0bd61\" data-element_type=\"column\" data-e-type=\"column\">\n\t\t\t<div class=\"elementor-widget-wrap elementor-element-populated\">\n\t\t\t\t\t\t<div class=\"elementor-element elementor-element-20c53a9 elementor-widget elementor-widget-text-editor\" data-id=\"20c53a9\" data-element_type=\"widget\" data-e-type=\"widget\" data-widget_type=\"text-editor.default\">\n\t\t\t\t<div class=\"elementor-widget-container\">\n\t\t\t\t\t\t\t\t\t<p><!-- \/wp:paragraph --><\/p>\n<p><!-- wp:paragraph --><\/p>\n<p>Los recursos did\u00e1cticos complementarios comprenden un compendio de din\u00e1micas con descripci\u00f3n detallada para su implementaci\u00f3n, as\u00ed como P\u00f3sters, Laminarios, Diccionarios, Calendarios, Nutrilecturas y Temarios.<\/p>\t\t\t\t\t\t\t\t<\/div>\n\t\t\t\t<\/div>\n\t\t\t\t<div class=\"elementor-element elementor-element-01c9b4e ha-has-bg-overlay elementor-widget elementor-widget-text-editor\" data-id=\"01c9b4e\" data-element_type=\"widget\" data-e-type=\"widget\" data-widget_type=\"text-editor.default\">\n\t\t\t\t<div class=\"elementor-widget-container\">\n\t\t\t\t\t\t\t\t\t<h3 style=\"text-align: center;\"><span style=\"color: #ffffff;\">Recursos Disponibles<\/span><\/h3>\t\t\t\t\t\t\t\t<\/div>\n\t\t\t\t<\/div>\n\t\t\t\t\t<\/div>\n\t\t<\/div>\n\t\t\t\t\t<\/div>\n\t\t<\/section>\n\t\t\t\t<section class=\"elementor-section elementor-top-section elementor-element elementor-element-e7a90a8 elementor-section-boxed elementor-section-height-default elementor-section-height-default\" data-id=\"e7a90a8\" data-element_type=\"section\" data-e-type=\"section\" data-settings=\"{&quot;_ha_eqh_enable&quot;:false}\">\n\t\t\t\t\t\t<div class=\"elementor-container elementor-column-gap-default\">\n\t\t\t\t\t<div class=\"elementor-column elementor-col-50 elementor-top-column elementor-element elementor-element-6cf0ddc\" data-id=\"6cf0ddc\" data-element_type=\"column\" data-e-type=\"column\">\n\t\t\t<div class=\"elementor-widget-wrap elementor-element-populated\">\n\t\t\t\t\t\t<div class=\"elementor-element elementor-element-2fe08be ha-card--top ha-card--tablet-top ha-card--mobile-top elementor-widget elementor-widget-ha-card happy-addon ha-card\" data-id=\"2fe08be\" data-element_type=\"widget\" data-e-type=\"widget\" data-widget_type=\"ha-card.default\">\n\t\t\t\t<div class=\"elementor-widget-container\">\n\t\t\t\t\t\n\t\t\t\t\t<figure class=\"ha-card-figure\">\n\t\t\t\t<img decoding=\"async\" width=\"819\" height=\"633\" src=\"https:\/\/pongalevida.ucr.ac.cr\/wp-content\/uploads\/2023\/06\/Habladores_01_Primaria-1-1024x791.jpg\" class=\"attachment-large size-large wp-image-2596\" alt=\"\" srcset=\"https:\/\/pongalevida.ucr.ac.cr\/wp-content\/uploads\/2023\/06\/Habladores_01_Primaria-1-1024x791.jpg 1024w, https:\/\/pongalevida.ucr.ac.cr\/wp-content\/uploads\/2023\/06\/Habladores_01_Primaria-1-300x232.jpg 300w, https:\/\/pongalevida.ucr.ac.cr\/wp-content\/uploads\/2023\/06\/Habladores_01_Primaria-1-768x593.jpg 768w, https:\/\/pongalevida.ucr.ac.cr\/wp-content\/uploads\/2023\/06\/Habladores_01_Primaria-1-1536x1187.jpg 1536w, https:\/\/pongalevida.ucr.ac.cr\/wp-content\/uploads\/2023\/06\/Habladores_01_Primaria-1-2048x1582.jpg 2048w\" sizes=\"(max-width: 819px) 100vw, 819px\" \/>\t\t\t\t\t\t\t\t\t<div class=\"ha-badge ha-badge--top-right\">Hablador imagen<\/div>\n\t\t\t\t\t\t\t<\/figure>\n\t\t\n\t\t<div class=\"ha-card-body\">\n\n\t\t\t<h2 class=\"ha-card-title\">Consejos Comedor<\/h2>\n\t\t\t\t\t\t\t<div class=\"ha-card-text\">\n\t\t\t\t\t<p>Consejos al ir al comedor<\/p>\n\t\t\t\t<\/div>\n\t\t\t\n\t\t\t\t\t\t\t<a class=\"ha-btn ha-btn--icon-before\" href=\"https:\/\/pongalevida.ucr.ac.cr\/wp-content\/uploads\/2023\/06\/Habladores_01_Primaria-1-scaled.jpg\"><i class=\"ha-btn-icon far fa-file-image\" aria-hidden=\"true\"><\/i> <span class=\"ha-btn-text\">Descargar Recurso<\/span><\/a>\n\t\t\t\t\t\t<\/div>\n\t\t\t\t\t\t<\/div>\n\t\t\t\t<\/div>\n\t\t\t\t<div class=\"elementor-element elementor-element-e95f08b ha-card--top ha-card--tablet-top ha-card--mobile-top elementor-widget elementor-widget-ha-card happy-addon ha-card\" data-id=\"e95f08b\" data-element_type=\"widget\" data-e-type=\"widget\" data-widget_type=\"ha-card.default\">\n\t\t\t\t<div class=\"elementor-widget-container\">\n\t\t\t\t\t\n\t\t\t\t\t<figure class=\"ha-card-figure\">\n\t\t\t\t<img decoding=\"async\" width=\"464\" height=\"359\" src=\"https:\/\/pongalevida.ucr.ac.cr\/wp-content\/uploads\/2023\/08\/act3.png\" class=\"attachment-large size-large wp-image-2882\" alt=\"Actividad Escolar\" srcset=\"https:\/\/pongalevida.ucr.ac.cr\/wp-content\/uploads\/2023\/08\/act3.png 464w, https:\/\/pongalevida.ucr.ac.cr\/wp-content\/uploads\/2023\/08\/act3-300x232.png 300w\" sizes=\"(max-width: 464px) 100vw, 464px\" \/>\t\t\t\t\t\t\t\t\t<div class=\"ha-badge ha-badge--top-right\">Asocie<\/div>\n\t\t\t\t\t\t\t<\/figure>\n\t\t\n\t\t<div class=\"ha-card-body\">\n\n\t\t\t<h2 class=\"ha-card-title\">Primer Grado<\/h2>\n\t\t\t\t\t\t\t<div class=\"ha-card-text\">\n\t\t\t\t\t<p>Nivel Primer Grado Lectoescritura, Asocia<\/p>\n\t\t\t\t<\/div>\n\t\t\t\n\t\t\t\t\t\t\t<a class=\"ha-btn ha-btn--icon-before\" href=\"https:\/\/pongalevida.ucr.ac.cr\/wp-content\/uploads\/2023\/08\/Asocia-Primer-Ciclo.pdf\"><i class=\"ha-btn-icon far fa-file-image\" aria-hidden=\"true\"><\/i> <span class=\"ha-btn-text\">Descargar Recurso<\/span><\/a>\n\t\t\t\t\t\t<\/div>\n\t\t\t\t\t\t<\/div>\n\t\t\t\t<\/div>\n\t\t\t\t\t<\/div>\n\t\t<\/div>\n\t\t\t\t<div class=\"elementor-column elementor-col-50 elementor-top-column elementor-element elementor-element-f570485\" data-id=\"f570485\" data-element_type=\"column\" data-e-type=\"column\">\n\t\t\t<div class=\"elementor-widget-wrap elementor-element-populated\">\n\t\t\t\t\t\t<div class=\"elementor-element elementor-element-f058153 ha-card--top ha-card--tablet-top ha-card--mobile-top elementor-widget elementor-widget-ha-card happy-addon ha-card\" data-id=\"f058153\" data-element_type=\"widget\" data-e-type=\"widget\" data-widget_type=\"ha-card.default\">\n\t\t\t\t<div class=\"elementor-widget-container\">\n\t\t\t\t\t\n\t\t\t\t\t<figure class=\"ha-card-figure\">\n\t\t\t\t<img loading=\"lazy\" decoding=\"async\" width=\"819\" height=\"633\" src=\"https:\/\/pongalevida.ucr.ac.cr\/wp-content\/uploads\/2023\/06\/Habladores_02_Primaria-1024x791.jpg\" class=\"attachment-large size-large wp-image-2597\" alt=\"\" srcset=\"https:\/\/pongalevida.ucr.ac.cr\/wp-content\/uploads\/2023\/06\/Habladores_02_Primaria-1024x791.jpg 1024w, https:\/\/pongalevida.ucr.ac.cr\/wp-content\/uploads\/2023\/06\/Habladores_02_Primaria-300x232.jpg 300w, https:\/\/pongalevida.ucr.ac.cr\/wp-content\/uploads\/2023\/06\/Habladores_02_Primaria-768x593.jpg 768w, https:\/\/pongalevida.ucr.ac.cr\/wp-content\/uploads\/2023\/06\/Habladores_02_Primaria-1536x1187.jpg 1536w, https:\/\/pongalevida.ucr.ac.cr\/wp-content\/uploads\/2023\/06\/Habladores_02_Primaria-2048x1583.jpg 2048w\" sizes=\"(max-width: 819px) 100vw, 819px\" \/>\t\t\t\t\t\t\t\t\t<div class=\"ha-badge ha-badge--top-right\">Hablador imagen<\/div>\n\t\t\t\t\t\t\t<\/figure>\n\t\t\n\t\t<div class=\"ha-card-body\">\n\n\t\t\t<h2 class=\"ha-card-title\">Consejos Alimentaci\u00f3n<\/h2>\n\t\t\t\t\t\t\t<div class=\"ha-card-text\">\n\t\t\t\t\t<p>Consejos alimentaci\u00f3n saludable<\/p>\n\t\t\t\t<\/div>\n\t\t\t\n\t\t\t\t\t\t\t<a class=\"ha-btn ha-btn--icon-before\" href=\"https:\/\/pongalevida.ucr.ac.cr\/wp-content\/uploads\/2023\/06\/Habladores_02_Primaria-scaled.jpg\"><i class=\"ha-btn-icon far fa-file-image\" aria-hidden=\"true\"><\/i> <span class=\"ha-btn-text\">Descargar Recurso<\/span><\/a>\n\t\t\t\t\t\t<\/div>\n\t\t\t\t\t\t<\/div>\n\t\t\t\t<\/div>\n\t\t\t\t<div class=\"elementor-element elementor-element-489ab27 ha-card--top ha-card--tablet-top ha-card--mobile-top elementor-widget elementor-widget-ha-card happy-addon ha-card\" data-id=\"489ab27\" data-element_type=\"widget\" data-e-type=\"widget\" data-widget_type=\"ha-card.default\">\n\t\t\t\t<div class=\"elementor-widget-container\">\n\t\t\t\t\t\n\t\t\t\t\t<figure class=\"ha-card-figure\">\n\t\t\t\t<img loading=\"lazy\" decoding=\"async\" width=\"626\" height=\"240\" src=\"https:\/\/pongalevida.ucr.ac.cr\/wp-content\/uploads\/2023\/08\/act4.png\" class=\"attachment-large size-large wp-image-2887\" alt=\"Actividad Segundo Grado\" srcset=\"https:\/\/pongalevida.ucr.ac.cr\/wp-content\/uploads\/2023\/08\/act4.png 626w, https:\/\/pongalevida.ucr.ac.cr\/wp-content\/uploads\/2023\/08\/act4-300x115.png 300w\" sizes=\"(max-width: 626px) 100vw, 626px\" \/>\t\t\t\t\t\t\t\t\t<div class=\"ha-badge ha-badge--top-right\">Complete<\/div>\n\t\t\t\t\t\t\t<\/figure>\n\t\t\n\t\t<div class=\"ha-card-body\">\n\n\t\t\t<h2 class=\"ha-card-title\">Segundo Grado<\/h2>\n\t\t\t\t\t\t\t<div class=\"ha-card-text\">\n\t\t\t\t\t<p>Segundo Grado Lectoescritura, terminaci\u00f3n aba<\/p>\n\t\t\t\t<\/div>\n\t\t\t\n\t\t\t\t\t\t\t<a class=\"ha-btn ha-btn--icon-before\" href=\"https:\/\/pongalevida.ucr.ac.cr\/wp-content\/uploads\/2023\/08\/Terminacion-aba.pdf\"><i class=\"ha-btn-icon far fa-file-image\" aria-hidden=\"true\"><\/i> <span class=\"ha-btn-text\">Descargar Recurso<\/span><\/a>\n\t\t\t\t\t\t<\/div>\n\t\t\t\t\t\t<\/div>\n\t\t\t\t<\/div>\n\t\t\t\t\t<\/div>\n\t\t<\/div>\n\t\t\t\t\t<\/div>\n\t\t<\/section>\n\t\t\t\t<section class=\"elementor-section elementor-top-section elementor-element elementor-element-50a11d6 elementor-section-boxed elementor-section-height-default elementor-section-height-default\" data-id=\"50a11d6\" data-element_type=\"section\" data-e-type=\"section\" data-settings=\"{&quot;_ha_eqh_enable&quot;:false}\">\n\t\t\t\t\t\t<div class=\"elementor-container elementor-column-gap-default\">\n\t\t\t\t\t<div class=\"elementor-column elementor-col-100 elementor-top-column elementor-element elementor-element-c7ce4b4\" data-id=\"c7ce4b4\" data-element_type=\"column\" data-e-type=\"column\">\n\t\t\t<div class=\"elementor-widget-wrap elementor-element-populated\">\n\t\t\t\t\t\t<div class=\"elementor-element elementor-element-4565eec ha-has-bg-overlay elementor-widget elementor-widget-text-editor\" data-id=\"4565eec\" data-element_type=\"widget\" data-e-type=\"widget\" data-widget_type=\"text-editor.default\">\n\t\t\t\t<div class=\"elementor-widget-container\">\n\t\t\t\t\t\t\t\t\t<h3 style=\"text-align: center;\"><span style=\"color: #ffffff;\">Actividades Interactivas<\/span><\/h3>\t\t\t\t\t\t\t\t<\/div>\n\t\t\t\t<\/div>\n\t\t\t\t\t<\/div>\n\t\t<\/div>\n\t\t\t\t\t<\/div>\n\t\t<\/section>\n\t\t\t\t<section class=\"elementor-section elementor-top-section elementor-element elementor-element-0e25f43 elementor-section-boxed elementor-section-height-default elementor-section-height-default\" data-id=\"0e25f43\" data-element_type=\"section\" data-e-type=\"section\" data-settings=\"{&quot;_ha_eqh_enable&quot;:false}\">\n\t\t\t\t\t\t<div class=\"elementor-container elementor-column-gap-default\">\n\t\t\t\t\t<div class=\"elementor-column elementor-col-100 elementor-top-column elementor-element elementor-element-b8844bb\" data-id=\"b8844bb\" data-element_type=\"column\" data-e-type=\"column\">\n\t\t\t<div class=\"elementor-widget-wrap elementor-element-populated\">\n\t\t\t\t\t\t<div class=\"elementor-element elementor-element-f3feb24 elementor-widget elementor-widget-html\" data-id=\"f3feb24\" data-element_type=\"widget\" data-e-type=\"widget\" data-widget_type=\"html.default\">\n\t\t\t\t<div class=\"elementor-widget-container\">\n\t\t\t\t\t<div class=\"h5p-iframe-wrapper\"><iframe id=\"h5p-iframe-2\" class=\"h5p-iframe\" data-content-id=\"2\" style=\"height:1px\" src=\"about:blank\" frameBorder=\"0\" scrolling=\"no\" title=\"Jugando con Frutas\"><\/iframe><\/div>\t\t\t\t<\/div>\n\t\t\t\t<\/div>\n\t\t\t\t<div class=\"elementor-element elementor-element-85c1eda elementor-widget elementor-widget-html\" data-id=\"85c1eda\" data-element_type=\"widget\" data-e-type=\"widget\" data-widget_type=\"html.default\">\n\t\t\t\t<div class=\"elementor-widget-container\">\n\t\t\t\t\t<div class=\"h5p-iframe-wrapper\"><iframe id=\"h5p-iframe-4\" class=\"h5p-iframe\" data-content-id=\"4\" style=\"height:1px\" src=\"about:blank\" frameBorder=\"0\" scrolling=\"no\" title=\"Adivinando frutas\"><\/iframe><\/div>\t\t\t\t<\/div>\n\t\t\t\t<\/div>\n\t\t\t\t\t<\/div>\n\t\t<\/div>\n\t\t\t\t\t<\/div>\n\t\t<\/section>\n\t\t\t\t<\/div>\n\t\t","protected":false},"excerpt":{"rendered":"<p>P\u00f3ngale Vida\u24c7 ha desarrollado para el nivel de primer y segundo ciclo de la educaci\u00f3n primaria, actividades y recursos que favorecen una alimentaci\u00f3n saludable y&hellip;<\/p>\n","protected":false},"author":5,"featured_media":0,"parent":0,"menu_order":0,"comment_status":"closed","ping_status":"closed","template":"","meta":{"_regular_price":[],"currency_symbol":[],"footnotes":""},"class_list":["post-439","page","type-page","status-publish","hentry"],"post_slider_layout_featured_media_urls":{"thumbnail":"","post_slider_layout_landscape_large":"","post_slider_layout_portrait_large":"","post_slider_layout_square_large":"","post_slider_layout_landscape":"","post_slider_layout_portrait":"","post_slider_layout_square":"","full":""},"_links":{"self":[{"href":"https:\/\/pongalevida.ucr.ac.cr\/index.php\/wp-json\/wp\/v2\/pages\/439","targetHints":{"allow":["GET"]}}],"collection":[{"href":"https:\/\/pongalevida.ucr.ac.cr\/index.php\/wp-json\/wp\/v2\/pages"}],"about":[{"href":"https:\/\/pongalevida.ucr.ac.cr\/index.php\/wp-json\/wp\/v2\/types\/page"}],"author":[{"embeddable":true,"href":"https:\/\/pongalevida.ucr.ac.cr\/index.php\/wp-json\/wp\/v2\/users\/5"}],"replies":[{"embeddable":true,"href":"https:\/\/pongalevida.ucr.ac.cr\/index.php\/wp-json\/wp\/v2\/comments?post=439"}],"version-history":[{"count":47,"href":"https:\/\/pongalevida.ucr.ac.cr\/index.php\/wp-json\/wp\/v2\/pages\/439\/revisions"}],"predecessor-version":[{"id":3525,"href":"https:\/\/pongalevida.ucr.ac.cr\/index.php\/wp-json\/wp\/v2\/pages\/439\/revisions\/3525"}],"wp:attachment":[{"href":"https:\/\/pongalevida.ucr.ac.cr\/index.php\/wp-json\/wp\/v2\/media?parent=439"}],"curies":[{"name":"wp","href":"https:\/\/api.w.org\/{rel}","templated":true}]}}