{"id":1363,"date":"2023-03-30T19:46:01","date_gmt":"2023-03-30T19:46:01","guid":{"rendered":"https:\/\/pongalevida.ucr.ac.cr\/?page_id=1363"},"modified":"2024-02-29T16:23:46","modified_gmt":"2024-02-29T16:23:46","slug":"comunidad","status":"publish","type":"page","link":"https:\/\/pongalevida.ucr.ac.cr\/index.php\/comunidad\/","title":{"rendered":"Comunidad"},"content":{"rendered":"\t\t<div data-elementor-type=\"wp-page\" data-elementor-id=\"1363\" class=\"elementor elementor-1363\" data-elementor-settings=\"{&quot;ha_cmc_init_switcher&quot;:&quot;no&quot;}\">\n\t\t\t\t\t\t<section class=\"elementor-section elementor-top-section elementor-element elementor-element-ede18ec elementor-section-boxed elementor-section-height-default elementor-section-height-default\" data-id=\"ede18ec\" data-element_type=\"section\" data-e-type=\"section\" data-settings=\"{&quot;_ha_eqh_enable&quot;:false}\">\n\t\t\t\t\t\t<div class=\"elementor-container elementor-column-gap-default\">\n\t\t\t\t\t<div class=\"elementor-column elementor-col-50 elementor-top-column elementor-element elementor-element-7adb7e3\" data-id=\"7adb7e3\" data-element_type=\"column\" data-e-type=\"column\">\n\t\t\t<div class=\"elementor-widget-wrap elementor-element-populated\">\n\t\t\t\t\t\t<div class=\"elementor-element elementor-element-5e6304f elementor-widget elementor-widget-text-editor\" data-id=\"5e6304f\" data-element_type=\"widget\" data-e-type=\"widget\" data-widget_type=\"text-editor.default\">\n\t\t\t\t<div class=\"elementor-widget-container\">\n\t\t\t\t\t\t\t\t\t<p>Para facilitar el proceso de promoci\u00f3n de la alimentaci\u00f3n saludable y la actividad f\u00edsica en las personas menores de edad que se encuentran en la educaci\u00f3n formal, <a href=\"https:\/\/pongalevida.ucr.ac.cr\/index.php\/quienes-somos\/\" target=\"_blank\" rel=\"noopener\">P\u00f3ngale Vida\u24c7<\/a> ha dise\u00f1ado tambi\u00e9n una actividad comunitaria denominada Domingo Familiar, dado que la comunidad de residencia es el entorno m\u00e1s cercano que influye a la formaci\u00f3n de h\u00e1bitos saludables en los ni\u00f1os y las ni\u00f1as.<\/p>\n<p>Los Domingos Familiares tienen como objetivos desarrollar actividades que impliquen participaci\u00f3n y movimiento, tratando de eliminar aquellas de tipo pasivo en donde las personas menores de edad y sus familias participen \u00fanicamente como espectadores. Adem\u00e1s, esperan lograr la participaci\u00f3n de la poblaci\u00f3n menor de edad en primer lugar, considerando en un segundo nivel (pero no menos importante), las actividades dirigidas al resto de miembros de la familia.<\/p>\t\t\t\t\t\t\t\t<\/div>\n\t\t\t\t<\/div>\n\t\t\t\t\t<\/div>\n\t\t<\/div>\n\t\t\t\t<div class=\"elementor-column elementor-col-50 elementor-top-column elementor-element elementor-element-940d084\" data-id=\"940d084\" data-element_type=\"column\" data-e-type=\"column\">\n\t\t\t<div class=\"elementor-widget-wrap elementor-element-populated\">\n\t\t\t\t\t\t<div class=\"elementor-element elementor-element-dfa99f8 elementor-widget elementor-widget-image\" data-id=\"dfa99f8\" data-element_type=\"widget\" data-e-type=\"widget\" data-widget_type=\"image.default\">\n\t\t\t\t<div class=\"elementor-widget-container\">\n\t\t\t\t\t\t\t\t\t\t\t\t\t\t\t<img fetchpriority=\"high\" decoding=\"async\" width=\"2560\" height=\"1920\" src=\"https:\/\/pongalevida.ucr.ac.cr\/wp-content\/uploads\/2023\/06\/Foto-grande-Comunidad-scaled.jpg\" class=\"attachment-full size-full wp-image-2503\" alt=\"\" srcset=\"https:\/\/pongalevida.ucr.ac.cr\/wp-content\/uploads\/2023\/06\/Foto-grande-Comunidad-scaled.jpg 2560w, https:\/\/pongalevida.ucr.ac.cr\/wp-content\/uploads\/2023\/06\/Foto-grande-Comunidad-300x225.jpg 300w, https:\/\/pongalevida.ucr.ac.cr\/wp-content\/uploads\/2023\/06\/Foto-grande-Comunidad-1024x768.jpg 1024w, https:\/\/pongalevida.ucr.ac.cr\/wp-content\/uploads\/2023\/06\/Foto-grande-Comunidad-768x576.jpg 768w, https:\/\/pongalevida.ucr.ac.cr\/wp-content\/uploads\/2023\/06\/Foto-grande-Comunidad-1536x1152.jpg 1536w, https:\/\/pongalevida.ucr.ac.cr\/wp-content\/uploads\/2023\/06\/Foto-grande-Comunidad-2048x1536.jpg 2048w\" sizes=\"(max-width: 2560px) 100vw, 2560px\" \/>\t\t\t\t\t\t\t\t\t\t\t\t\t\t\t<\/div>\n\t\t\t\t<\/div>\n\t\t\t\t\t<\/div>\n\t\t<\/div>\n\t\t\t\t\t<\/div>\n\t\t<\/section>\n\t\t\t\t<section class=\"elementor-section elementor-top-section elementor-element elementor-element-1784be7 elementor-section-boxed elementor-section-height-default elementor-section-height-default\" data-id=\"1784be7\" data-element_type=\"section\" data-e-type=\"section\" data-settings=\"{&quot;_ha_eqh_enable&quot;:false}\">\n\t\t\t\t\t\t<div class=\"elementor-container elementor-column-gap-default\">\n\t\t\t\t\t<div class=\"elementor-column elementor-col-100 elementor-top-column elementor-element elementor-element-a91cc74\" data-id=\"a91cc74\" data-element_type=\"column\" data-e-type=\"column\">\n\t\t\t<div class=\"elementor-widget-wrap elementor-element-populated\">\n\t\t\t\t\t\t<div class=\"elementor-element elementor-element-6988102 elementor-widget elementor-widget-text-editor\" data-id=\"6988102\" data-element_type=\"widget\" data-e-type=\"widget\" data-widget_type=\"text-editor.default\">\n\t\t\t\t<div class=\"elementor-widget-container\">\n\t\t\t\t\t\t\t\t\t<p>Los Domingos Familiares se desarrollan a trav\u00e9s de la organizaci\u00f3n y participaci\u00f3n activa de los mismos involucrados del proceso, siendo los miembros de grupos organizados de la comunidad, la clave del \u00e9xito y garantizando la sostenibilidad de los logros.<\/p>\n<p><!-- \/wp:paragraph --><!-- wp:paragraph --><\/p>\n<p><!-- \/wp:paragraph --><!-- wp:paragraph --><\/p>\n<p>Es un espacio l\u00fadico y creativo para todas las edades, donde las familias se divierten activamente y reciben alimentos saludables que son gestados por los l\u00edderes de la comunidad y donados por empresas o personas locales.<\/p>\t\t\t\t\t\t\t\t<\/div>\n\t\t\t\t<\/div>\n\t\t\t\t\t<\/div>\n\t\t<\/div>\n\t\t\t\t\t<\/div>\n\t\t<\/section>\n\t\t\t\t<section class=\"elementor-section elementor-top-section elementor-element elementor-element-f49395f elementor-section-boxed elementor-section-height-default elementor-section-height-default\" data-id=\"f49395f\" data-element_type=\"section\" data-e-type=\"section\" data-settings=\"{&quot;_ha_eqh_enable&quot;:false}\">\n\t\t\t\t\t\t<div class=\"elementor-container elementor-column-gap-default\">\n\t\t\t\t\t<div class=\"elementor-column elementor-col-100 elementor-top-column elementor-element elementor-element-0e7b610\" data-id=\"0e7b610\" data-element_type=\"column\" data-e-type=\"column\">\n\t\t\t<div class=\"elementor-widget-wrap elementor-element-populated\">\n\t\t\t\t\t\t<div class=\"elementor-element elementor-element-aaf3962 elementor-widget elementor-widget-video\" data-id=\"aaf3962\" data-element_type=\"widget\" data-e-type=\"widget\" data-settings=\"{&quot;youtube_url&quot;:&quot;https:\\\/\\\/youtu.be\\\/jp9-ZAR-MfQ?si=My6cwYv_tH7K-B2E&quot;,&quot;video_type&quot;:&quot;youtube&quot;,&quot;controls&quot;:&quot;yes&quot;}\" data-widget_type=\"video.default\">\n\t\t\t\t<div class=\"elementor-widget-container\">\n\t\t\t\t\t\t\t<div class=\"elementor-wrapper elementor-open-inline\">\n\t\t\t<div class=\"elementor-video\"><\/div>\t\t<\/div>\n\t\t\t\t\t\t<\/div>\n\t\t\t\t<\/div>\n\t\t\t\t\t<\/div>\n\t\t<\/div>\n\t\t\t\t\t<\/div>\n\t\t<\/section>\n\t\t\t\t<section class=\"elementor-section elementor-top-section elementor-element elementor-element-24f9ab8 elementor-section-boxed elementor-section-height-default elementor-section-height-default\" data-id=\"24f9ab8\" data-element_type=\"section\" data-e-type=\"section\" data-settings=\"{&quot;_ha_eqh_enable&quot;:false}\">\n\t\t\t\t\t\t<div class=\"elementor-container elementor-column-gap-default\">\n\t\t\t\t\t<div class=\"elementor-column elementor-col-100 elementor-top-column elementor-element elementor-element-bb812de\" data-id=\"bb812de\" data-element_type=\"column\" data-e-type=\"column\">\n\t\t\t<div class=\"elementor-widget-wrap elementor-element-populated\">\n\t\t\t\t\t\t<div class=\"elementor-element elementor-element-390ca50 elementor-widget elementor-widget-image\" data-id=\"390ca50\" data-element_type=\"widget\" data-e-type=\"widget\" data-widget_type=\"image.default\">\n\t\t\t\t<div class=\"elementor-widget-container\">\n\t\t\t\t\t\t\t\t\t\t\t\t\t\t\t<img decoding=\"async\" width=\"1604\" height=\"523\" src=\"https:\/\/pongalevida.ucr.ac.cr\/wp-content\/uploads\/2023\/05\/Mesa-de-trabajo-9.png\" class=\"attachment-full size-full wp-image-2005\" alt=\"\" srcset=\"https:\/\/pongalevida.ucr.ac.cr\/wp-content\/uploads\/2023\/05\/Mesa-de-trabajo-9.png 1604w, https:\/\/pongalevida.ucr.ac.cr\/wp-content\/uploads\/2023\/05\/Mesa-de-trabajo-9-300x98.png 300w, https:\/\/pongalevida.ucr.ac.cr\/wp-content\/uploads\/2023\/05\/Mesa-de-trabajo-9-1024x334.png 1024w, https:\/\/pongalevida.ucr.ac.cr\/wp-content\/uploads\/2023\/05\/Mesa-de-trabajo-9-768x250.png 768w, https:\/\/pongalevida.ucr.ac.cr\/wp-content\/uploads\/2023\/05\/Mesa-de-trabajo-9-1536x501.png 1536w\" sizes=\"(max-width: 1604px) 100vw, 1604px\" \/>\t\t\t\t\t\t\t\t\t\t\t\t\t\t\t<\/div>\n\t\t\t\t<\/div>\n\t\t\t\t\t<\/div>\n\t\t<\/div>\n\t\t\t\t\t<\/div>\n\t\t<\/section>\n\t\t\t\t<\/div>\n\t\t","protected":false},"excerpt":{"rendered":"<p>Para facilitar el proceso de promoci\u00f3n de la alimentaci\u00f3n saludable y la actividad f\u00edsica en las personas menores de edad que se encuentran en la&hellip;<\/p>\n","protected":false},"author":2,"featured_media":0,"parent":0,"menu_order":0,"comment_status":"closed","ping_status":"closed","template":"","meta":{"_regular_price":[],"currency_symbol":[],"footnotes":""},"class_list":["post-1363","page","type-page","status-publish","hentry"],"post_slider_layout_featured_media_urls":{"thumbnail":"","post_slider_layout_landscape_large":"","post_slider_layout_portrait_large":"","post_slider_layout_square_large":"","post_slider_layout_landscape":"","post_slider_layout_portrait":"","post_slider_layout_square":"","full":""},"_links":{"self":[{"href":"https:\/\/pongalevida.ucr.ac.cr\/index.php\/wp-json\/wp\/v2\/pages\/1363","targetHints":{"allow":["GET"]}}],"collection":[{"href":"https:\/\/pongalevida.ucr.ac.cr\/index.php\/wp-json\/wp\/v2\/pages"}],"about":[{"href":"https:\/\/pongalevida.ucr.ac.cr\/index.php\/wp-json\/wp\/v2\/types\/page"}],"author":[{"embeddable":true,"href":"https:\/\/pongalevida.ucr.ac.cr\/index.php\/wp-json\/wp\/v2\/users\/2"}],"replies":[{"embeddable":true,"href":"https:\/\/pongalevida.ucr.ac.cr\/index.php\/wp-json\/wp\/v2\/comments?post=1363"}],"version-history":[{"count":22,"href":"https:\/\/pongalevida.ucr.ac.cr\/index.php\/wp-json\/wp\/v2\/pages\/1363\/revisions"}],"predecessor-version":[{"id":3757,"href":"https:\/\/pongalevida.ucr.ac.cr\/index.php\/wp-json\/wp\/v2\/pages\/1363\/revisions\/3757"}],"wp:attachment":[{"href":"https:\/\/pongalevida.ucr.ac.cr\/index.php\/wp-json\/wp\/v2\/media?parent=1363"}],"curies":[{"name":"wp","href":"https:\/\/api.w.org\/{rel}","templated":true}]}}